{"id":193,"date":"2020-04-14T21:30:38","date_gmt":"2020-04-14T21:30:38","guid":{"rendered":"http:\/\/norbertkuner.com\/?page_id=193"},"modified":"2020-04-16T09:01:56","modified_gmt":"2020-04-16T09:01:56","slug":"flebologia","status":"publish","type":"page","link":"http:\/\/norbertkuner.com\/?page_id=193","title":{"rendered":"Flebolog\u00eda"},"content":{"rendered":"\t\t<div data-elementor-type=\"wp-page\" data-elementor-id=\"193\" class=\"elementor elementor-193\">\n\t\t\t\t\t\t<section class=\"elementor-section elementor-top-section elementor-element elementor-element-84bc267 elementor-section-boxed elementor-section-height-default elementor-section-height-default\" data-id=\"84bc267\" data-element_type=\"section\">\n\t\t\t\t\t\t<div class=\"elementor-container elementor-column-gap-default\">\n\t\t\t\t\t<div class=\"elementor-column elementor-col-100 elementor-top-column elementor-element elementor-element-9e3f10d\" data-id=\"9e3f10d\" data-element_type=\"column\">\n\t\t\t<div class=\"elementor-widget-wrap elementor-element-populated\">\n\t\t\t\t\t\t<div class=\"elementor-element elementor-element-0a86402 elementor-widget elementor-widget-image\" data-id=\"0a86402\" data-element_type=\"widget\" data-widget_type=\"image.default\">\n\t\t\t\t<div class=\"elementor-widget-container\">\n\t\t\t\t\t\t\t\t\t\t\t\t\t\t\t<img fetchpriority=\"high\" decoding=\"async\" width=\"1024\" height=\"740\" src=\"http:\/\/norbertkuner.com\/wp-content\/uploads\/2020\/04\/20170428_194415-1024x740.jpg\" class=\"attachment-large size-large wp-image-169\" alt=\"\" srcset=\"http:\/\/norbertkuner.com\/wp-content\/uploads\/2020\/04\/20170428_194415-1024x740.jpg 1024w, http:\/\/norbertkuner.com\/wp-content\/uploads\/2020\/04\/20170428_194415-300x217.jpg 300w, http:\/\/norbertkuner.com\/wp-content\/uploads\/2020\/04\/20170428_194415-768x555.jpg 768w, http:\/\/norbertkuner.com\/wp-content\/uploads\/2020\/04\/20170428_194415-1536x1110.jpg 1536w, http:\/\/norbertkuner.com\/wp-content\/uploads\/2020\/04\/20170428_194415.jpg 1829w\" sizes=\"(max-width: 1024px) 100vw, 1024px\" \/>\t\t\t\t\t\t\t\t\t\t\t\t\t\t\t<\/div>\n\t\t\t\t<\/div>\n\t\t\t\t\t<\/div>\n\t\t<\/div>\n\t\t\t\t\t<\/div>\n\t\t<\/section>\n\t\t\t\t<section class=\"elementor-section elementor-top-section elementor-element elementor-element-68db9d8 elementor-section-boxed elementor-section-height-default elementor-section-height-default\" data-id=\"68db9d8\" data-element_type=\"section\">\n\t\t\t\t\t\t<div class=\"elementor-container elementor-column-gap-default\">\n\t\t\t\t\t<div class=\"elementor-column elementor-col-100 elementor-top-column elementor-element elementor-element-7ee7165\" data-id=\"7ee7165\" data-element_type=\"column\">\n\t\t\t<div class=\"elementor-widget-wrap elementor-element-populated\">\n\t\t\t\t\t\t<div class=\"elementor-element elementor-element-250dd4d elementor-widget elementor-widget-spacer\" data-id=\"250dd4d\" data-element_type=\"widget\" data-widget_type=\"spacer.default\">\n\t\t\t\t<div class=\"elementor-widget-container\">\n\t\t\t\t\t\t\t<div class=\"elementor-spacer\">\n\t\t\t<div class=\"elementor-spacer-inner\"><\/div>\n\t\t<\/div>\n\t\t\t\t\t\t<\/div>\n\t\t\t\t<\/div>\n\t\t\t\t\t<\/div>\n\t\t<\/div>\n\t\t\t\t\t<\/div>\n\t\t<\/section>\n\t\t\t\t<section class=\"elementor-section elementor-top-section elementor-element elementor-element-bc4003c elementor-section-boxed elementor-section-height-default elementor-section-height-default\" data-id=\"bc4003c\" data-element_type=\"section\">\n\t\t\t\t\t\t<div class=\"elementor-container elementor-column-gap-default\">\n\t\t\t\t\t<div class=\"elementor-column elementor-col-100 elementor-top-column elementor-element elementor-element-f575fad\" data-id=\"f575fad\" data-element_type=\"column\">\n\t\t\t<div class=\"elementor-widget-wrap elementor-element-populated\">\n\t\t\t\t\t\t<div class=\"elementor-element elementor-element-d28d833 elementor-widget elementor-widget-heading\" data-id=\"d28d833\" data-element_type=\"widget\" data-widget_type=\"heading.default\">\n\t\t\t\t<div class=\"elementor-widget-container\">\n\t\t\t\t\t<h2 class=\"elementor-heading-title elementor-size-xl\">Flebolog\u00eda<\/h2>\t\t\t\t<\/div>\n\t\t\t\t<\/div>\n\t\t\t\t\t<\/div>\n\t\t<\/div>\n\t\t\t\t\t<\/div>\n\t\t<\/section>\n\t\t\t\t<section class=\"elementor-section elementor-top-section elementor-element elementor-element-1605ec6 elementor-section-boxed elementor-section-height-default elementor-section-height-default\" data-id=\"1605ec6\" data-element_type=\"section\">\n\t\t\t\t\t\t<div class=\"elementor-container elementor-column-gap-default\">\n\t\t\t\t\t<div class=\"elementor-column elementor-col-100 elementor-top-column elementor-element elementor-element-487c2d1\" data-id=\"487c2d1\" data-element_type=\"column\">\n\t\t\t<div class=\"elementor-widget-wrap elementor-element-populated\">\n\t\t\t\t\t\t<div class=\"elementor-element elementor-element-1eb3d88 elementor-widget elementor-widget-spacer\" data-id=\"1eb3d88\" data-element_type=\"widget\" data-widget_type=\"spacer.default\">\n\t\t\t\t<div class=\"elementor-widget-container\">\n\t\t\t\t\t\t\t<div class=\"elementor-spacer\">\n\t\t\t<div class=\"elementor-spacer-inner\"><\/div>\n\t\t<\/div>\n\t\t\t\t\t\t<\/div>\n\t\t\t\t<\/div>\n\t\t\t\t\t<\/div>\n\t\t<\/div>\n\t\t\t\t\t<\/div>\n\t\t<\/section>\n\t\t\t\t<section class=\"elementor-section elementor-top-section elementor-element elementor-element-c9f80d3 elementor-section-boxed elementor-section-height-default elementor-section-height-default\" data-id=\"c9f80d3\" data-element_type=\"section\">\n\t\t\t\t\t\t<div class=\"elementor-container elementor-column-gap-default\">\n\t\t\t\t\t<div class=\"elementor-column elementor-col-100 elementor-top-column elementor-element elementor-element-9244108\" data-id=\"9244108\" data-element_type=\"column\">\n\t\t\t<div class=\"elementor-widget-wrap elementor-element-populated\">\n\t\t\t\t\t\t<div class=\"elementor-element elementor-element-1950dc8 elementor-widget elementor-widget-text-editor\" data-id=\"1950dc8\" data-element_type=\"widget\" data-widget_type=\"text-editor.default\">\n\t\t\t\t<div class=\"elementor-widget-container\">\n\t\t\t\t\t\t\t\t\t<p>El tratamiento de las dolencias de las venas, supone para los afectados una considerable mejora en su calidad de vida. Una insuficiencia venosa cr\u00f3nica (m\u00e1s conocidad como varices) no es s\u00f3lo un problema est\u00e9tico, sino que puede derivar en determinadas circunstancias en otras enfermedades como linfedema cr\u00f3nico, tromboflebitis (inflamaci\u00f3n de las venas), trombosis venosa profunda con co\u00e1gulos sangu\u00edneos en la parte inferior de la pierna y el muslo o ulcus cruris (\u00falcera) de la &#8222;pierna abierta&#8220;.<\/p><p>En nuestra consulta podemos realizar un diagn\u00f3stico completo de todas las modificaciones en las venas con la ultrasonograf\u00eda y los correspondientes an\u00e1lisis de sangre como el diagn\u00f3stico de la<\/p><p>Escleroterapia con espuma Se utiliza en el tratamiento de las venas m\u00e1s gruesas. Con un procedimiento especial se realiza una punci\u00f3n en las venas y se introduce la espuma que cierra estas venas. La intervenci\u00f3n es ambulante y dura de 20 a 30 minutos. Pueden ser necesarias varias sesiones dependiendo del desarrollo de las venas.<\/p><p>Microescleroterapia Las venas m\u00e1s peque\u00f1as que molestan est\u00e9ticamente, las denominadas ara\u00f1as o venas reticulares se punzan con agujas fin\u00edsimas y se cierran. Este tratamiento tambi\u00e9n es ambulante y tiene unos resultados espectaculares.<\/p>\t\t\t\t\t\t\t\t<\/div>\n\t\t\t\t<\/div>\n\t\t\t\t\t<\/div>\n\t\t<\/div>\n\t\t\t\t\t<\/div>\n\t\t<\/section>\n\t\t\t\t<\/div>\n\t\t","protected":false},"excerpt":{"rendered":"<p>Flebolog\u00eda El tratamiento de las dolencias de las venas, supone para los afectados una considerable mejora en su calidad de vida. Una insuficiencia venosa cr\u00f3nica (m\u00e1s conocidad como varices) no es s\u00f3lo un problema est\u00e9tico, sino que puede derivar en determinadas circunstancias en otras enfermedades como linfedema cr\u00f3nico, tromboflebitis (inflamaci\u00f3n de las venas), trombosis venosa [&hellip;]<\/p>\n","protected":false},"author":1,"featured_media":0,"parent":0,"menu_order":0,"comment_status":"closed","ping_status":"closed","template":"","meta":{"ocean_post_layout":"","ocean_both_sidebars_style":"","ocean_both_sidebars_content_width":0,"ocean_both_sidebars_sidebars_width":0,"ocean_sidebar":"0","ocean_second_sidebar":"0","ocean_disable_margins":"enable","ocean_add_body_class":"","ocean_shortcode_before_top_bar":"","ocean_shortcode_after_top_bar":"","ocean_shortcode_before_header":"","ocean_shortcode_after_header":"","ocean_has_shortcode":"","ocean_shortcode_after_title":"","ocean_shortcode_before_footer_widgets":"","ocean_shortcode_after_footer_widgets":"","ocean_shortcode_before_footer_bottom":"","ocean_shortcode_after_footer_bottom":"","ocean_display_top_bar":"default","ocean_display_header":"default","ocean_header_style":"","ocean_center_header_left_menu":"0","ocean_custom_header_template":"0","ocean_custom_logo":0,"ocean_custom_retina_logo":0,"ocean_custom_logo_max_width":0,"ocean_custom_logo_tablet_max_width":0,"ocean_custom_logo_mobile_max_width":0,"ocean_custom_logo_max_height":0,"ocean_custom_logo_tablet_max_height":0,"ocean_custom_logo_mobile_max_height":0,"ocean_header_custom_menu":"0","ocean_menu_typo_font_family":"0","ocean_menu_typo_font_subset":"","ocean_menu_typo_font_size":0,"ocean_menu_typo_font_size_tablet":0,"ocean_menu_typo_font_size_mobile":0,"ocean_menu_typo_font_size_unit":"px","ocean_menu_typo_font_weight":"","ocean_menu_typo_font_weight_tablet":"","ocean_menu_typo_font_weight_mobile":"","ocean_menu_typo_transform":"","ocean_menu_typo_transform_tablet":"","ocean_menu_typo_transform_mobile":"","ocean_menu_typo_line_height":0,"ocean_menu_typo_line_height_tablet":0,"ocean_menu_typo_line_height_mobile":0,"ocean_menu_typo_line_height_unit":"","ocean_menu_typo_spacing":0,"ocean_menu_typo_spacing_tablet":0,"ocean_menu_typo_spacing_mobile":0,"ocean_menu_typo_spacing_unit":"","ocean_menu_link_color":"","ocean_menu_link_color_hover":"","ocean_menu_link_color_active":"","ocean_menu_link_background":"","ocean_menu_link_hover_background":"","ocean_menu_link_active_background":"","ocean_menu_social_links_bg":"","ocean_menu_social_hover_links_bg":"","ocean_menu_social_links_color":"","ocean_menu_social_hover_links_color":"","ocean_disable_title":"default","ocean_disable_heading":"default","ocean_post_title":"","ocean_post_subheading":"","ocean_post_title_style":"","ocean_post_title_background_color":"","ocean_post_title_background":0,"ocean_post_title_bg_image_position":"","ocean_post_title_bg_image_attachment":"","ocean_post_title_bg_image_repeat":"","ocean_post_title_bg_image_size":"","ocean_post_title_height":0,"ocean_post_title_bg_overlay":0.5,"ocean_post_title_bg_overlay_color":"","ocean_disable_breadcrumbs":"default","ocean_breadcrumbs_color":"","ocean_breadcrumbs_separator_color":"","ocean_breadcrumbs_links_color":"","ocean_breadcrumbs_links_hover_color":"","ocean_display_footer_widgets":"default","ocean_display_footer_bottom":"default","ocean_custom_footer_template":"0","footnotes":""},"class_list":["post-193","page","type-page","status-publish","hentry","entry"],"yoast_head":"<!-- This site is optimized with the Yoast SEO plugin v24.3 - https:\/\/yoast.com\/wordpress\/plugins\/seo\/ -->\n<title>Flebolog\u00eda - Dr. Norbert Kuner<\/title>\n<meta name=\"robots\" content=\"index, follow, max-snippet:-1, max-image-preview:large, max-video-preview:-1\" \/>\n<link rel=\"canonical\" href=\"http:\/\/norbertkuner.com\/?page_id=193\" \/>\n<meta property=\"og:locale\" content=\"de_DE\" \/>\n<meta property=\"og:type\" content=\"article\" \/>\n<meta property=\"og:title\" content=\"Flebolog\u00eda - Dr. Norbert Kuner\" \/>\n<meta property=\"og:description\" content=\"Flebolog\u00eda El tratamiento de las dolencias de las venas, supone para los afectados una considerable mejora en su calidad de vida. Una insuficiencia venosa cr\u00f3nica (m\u00e1s conocidad como varices) no es s\u00f3lo un problema est\u00e9tico, sino que puede derivar en determinadas circunstancias en otras enfermedades como linfedema cr\u00f3nico, tromboflebitis (inflamaci\u00f3n de las venas), trombosis venosa [&hellip;]\" \/>\n<meta property=\"og:url\" content=\"http:\/\/norbertkuner.com\/?page_id=193\" \/>\n<meta property=\"og:site_name\" content=\"Dr. Norbert Kuner\" \/>\n<meta property=\"article:modified_time\" content=\"2020-04-16T09:01:56+00:00\" \/>\n<meta property=\"og:image\" content=\"http:\/\/norbertkuner.com\/wp-content\/uploads\/2020\/04\/20170428_194415.jpg\" \/>\n\t<meta property=\"og:image:width\" content=\"1829\" \/>\n\t<meta property=\"og:image:height\" content=\"1322\" \/>\n\t<meta property=\"og:image:type\" content=\"image\/jpeg\" \/>\n<meta name=\"twitter:card\" content=\"summary_large_image\" \/>\n<meta name=\"twitter:label1\" content=\"Gesch\u00e4tzte Lesezeit\" \/>\n\t<meta name=\"twitter:data1\" content=\"1\u00a0Minute\" \/>\n<script type=\"application\/ld+json\" class=\"yoast-schema-graph\">{\"@context\":\"https:\/\/schema.org\",\"@graph\":[{\"@type\":\"WebPage\",\"@id\":\"http:\/\/norbertkuner.com\/?page_id=193\",\"url\":\"http:\/\/norbertkuner.com\/?page_id=193\",\"name\":\"Flebolog\u00eda - Dr. Norbert Kuner\",\"isPartOf\":{\"@id\":\"http:\/\/norbertkuner.com\/#website\"},\"primaryImageOfPage\":{\"@id\":\"http:\/\/norbertkuner.com\/?page_id=193#primaryimage\"},\"image\":{\"@id\":\"http:\/\/norbertkuner.com\/?page_id=193#primaryimage\"},\"thumbnailUrl\":\"http:\/\/norbertkuner.com\/wp-content\/uploads\/2020\/04\/20170428_194415-1024x740.jpg\",\"datePublished\":\"2020-04-14T21:30:38+00:00\",\"dateModified\":\"2020-04-16T09:01:56+00:00\",\"breadcrumb\":{\"@id\":\"http:\/\/norbertkuner.com\/?page_id=193#breadcrumb\"},\"inLanguage\":\"de\",\"potentialAction\":[{\"@type\":\"ReadAction\",\"target\":[\"http:\/\/norbertkuner.com\/?page_id=193\"]}]},{\"@type\":\"ImageObject\",\"inLanguage\":\"de\",\"@id\":\"http:\/\/norbertkuner.com\/?page_id=193#primaryimage\",\"url\":\"http:\/\/norbertkuner.com\/wp-content\/uploads\/2020\/04\/20170428_194415.jpg\",\"contentUrl\":\"http:\/\/norbertkuner.com\/wp-content\/uploads\/2020\/04\/20170428_194415.jpg\",\"width\":1829,\"height\":1322},{\"@type\":\"BreadcrumbList\",\"@id\":\"http:\/\/norbertkuner.com\/?page_id=193#breadcrumb\",\"itemListElement\":[{\"@type\":\"ListItem\",\"position\":1,\"name\":\"Startseite\",\"item\":\"http:\/\/norbertkuner.com\/\"},{\"@type\":\"ListItem\",\"position\":2,\"name\":\"Flebolog\u00eda\"}]},{\"@type\":\"WebSite\",\"@id\":\"http:\/\/norbertkuner.com\/#website\",\"url\":\"http:\/\/norbertkuner.com\/\",\"name\":\"Dr. Norbert Kuner\",\"description\":\"Dermat\u00f3logo\",\"publisher\":{\"@id\":\"http:\/\/norbertkuner.com\/#\/schema\/person\/6ff9f3842bc912ccd15b8a7afd6ce912\"},\"potentialAction\":[{\"@type\":\"SearchAction\",\"target\":{\"@type\":\"EntryPoint\",\"urlTemplate\":\"http:\/\/norbertkuner.com\/?s={search_term_string}\"},\"query-input\":{\"@type\":\"PropertyValueSpecification\",\"valueRequired\":true,\"valueName\":\"search_term_string\"}}],\"inLanguage\":\"de\"},{\"@type\":[\"Person\",\"Organization\"],\"@id\":\"http:\/\/norbertkuner.com\/#\/schema\/person\/6ff9f3842bc912ccd15b8a7afd6ce912\",\"name\":\"Norbert\",\"image\":{\"@type\":\"ImageObject\",\"inLanguage\":\"de\",\"@id\":\"http:\/\/norbertkuner.com\/#\/schema\/person\/image\/\",\"url\":\"http:\/\/norbertkuner.com\/wp-content\/uploads\/2020\/04\/cropped-logo1.png\",\"contentUrl\":\"http:\/\/norbertkuner.com\/wp-content\/uploads\/2020\/04\/cropped-logo1.png\",\"width\":290,\"height\":79,\"caption\":\"Norbert\"},\"logo\":{\"@id\":\"http:\/\/norbertkuner.com\/#\/schema\/person\/image\/\"}}]}<\/script>\n<!-- \/ Yoast SEO plugin. -->","yoast_head_json":{"title":"Flebolog\u00eda - Dr. Norbert Kuner","robots":{"index":"index","follow":"follow","max-snippet":"max-snippet:-1","max-image-preview":"max-image-preview:large","max-video-preview":"max-video-preview:-1"},"canonical":"http:\/\/norbertkuner.com\/?page_id=193","og_locale":"de_DE","og_type":"article","og_title":"Flebolog\u00eda - Dr. Norbert Kuner","og_description":"Flebolog\u00eda El tratamiento de las dolencias de las venas, supone para los afectados una considerable mejora en su calidad de vida. Una insuficiencia venosa cr\u00f3nica (m\u00e1s conocidad como varices) no es s\u00f3lo un problema est\u00e9tico, sino que puede derivar en determinadas circunstancias en otras enfermedades como linfedema cr\u00f3nico, tromboflebitis (inflamaci\u00f3n de las venas), trombosis venosa [&hellip;]","og_url":"http:\/\/norbertkuner.com\/?page_id=193","og_site_name":"Dr. Norbert Kuner","article_modified_time":"2020-04-16T09:01:56+00:00","og_image":[{"width":1829,"height":1322,"url":"http:\/\/norbertkuner.com\/wp-content\/uploads\/2020\/04\/20170428_194415.jpg","type":"image\/jpeg"}],"twitter_card":"summary_large_image","twitter_misc":{"Gesch\u00e4tzte Lesezeit":"1\u00a0Minute"},"schema":{"@context":"https:\/\/schema.org","@graph":[{"@type":"WebPage","@id":"http:\/\/norbertkuner.com\/?page_id=193","url":"http:\/\/norbertkuner.com\/?page_id=193","name":"Flebolog\u00eda - Dr. Norbert Kuner","isPartOf":{"@id":"http:\/\/norbertkuner.com\/#website"},"primaryImageOfPage":{"@id":"http:\/\/norbertkuner.com\/?page_id=193#primaryimage"},"image":{"@id":"http:\/\/norbertkuner.com\/?page_id=193#primaryimage"},"thumbnailUrl":"http:\/\/norbertkuner.com\/wp-content\/uploads\/2020\/04\/20170428_194415-1024x740.jpg","datePublished":"2020-04-14T21:30:38+00:00","dateModified":"2020-04-16T09:01:56+00:00","breadcrumb":{"@id":"http:\/\/norbertkuner.com\/?page_id=193#breadcrumb"},"inLanguage":"de","potentialAction":[{"@type":"ReadAction","target":["http:\/\/norbertkuner.com\/?page_id=193"]}]},{"@type":"ImageObject","inLanguage":"de","@id":"http:\/\/norbertkuner.com\/?page_id=193#primaryimage","url":"http:\/\/norbertkuner.com\/wp-content\/uploads\/2020\/04\/20170428_194415.jpg","contentUrl":"http:\/\/norbertkuner.com\/wp-content\/uploads\/2020\/04\/20170428_194415.jpg","width":1829,"height":1322},{"@type":"BreadcrumbList","@id":"http:\/\/norbertkuner.com\/?page_id=193#breadcrumb","itemListElement":[{"@type":"ListItem","position":1,"name":"Startseite","item":"http:\/\/norbertkuner.com\/"},{"@type":"ListItem","position":2,"name":"Flebolog\u00eda"}]},{"@type":"WebSite","@id":"http:\/\/norbertkuner.com\/#website","url":"http:\/\/norbertkuner.com\/","name":"Dr. Norbert Kuner","description":"Dermat\u00f3logo","publisher":{"@id":"http:\/\/norbertkuner.com\/#\/schema\/person\/6ff9f3842bc912ccd15b8a7afd6ce912"},"potentialAction":[{"@type":"SearchAction","target":{"@type":"EntryPoint","urlTemplate":"http:\/\/norbertkuner.com\/?s={search_term_string}"},"query-input":{"@type":"PropertyValueSpecification","valueRequired":true,"valueName":"search_term_string"}}],"inLanguage":"de"},{"@type":["Person","Organization"],"@id":"http:\/\/norbertkuner.com\/#\/schema\/person\/6ff9f3842bc912ccd15b8a7afd6ce912","name":"Norbert","image":{"@type":"ImageObject","inLanguage":"de","@id":"http:\/\/norbertkuner.com\/#\/schema\/person\/image\/","url":"http:\/\/norbertkuner.com\/wp-content\/uploads\/2020\/04\/cropped-logo1.png","contentUrl":"http:\/\/norbertkuner.com\/wp-content\/uploads\/2020\/04\/cropped-logo1.png","width":290,"height":79,"caption":"Norbert"},"logo":{"@id":"http:\/\/norbertkuner.com\/#\/schema\/person\/image\/"}}]}},"_links":{"self":[{"href":"http:\/\/norbertkuner.com\/index.php?rest_route=\/wp\/v2\/pages\/193","targetHints":{"allow":["GET"]}}],"collection":[{"href":"http:\/\/norbertkuner.com\/index.php?rest_route=\/wp\/v2\/pages"}],"about":[{"href":"http:\/\/norbertkuner.com\/index.php?rest_route=\/wp\/v2\/types\/page"}],"author":[{"embeddable":true,"href":"http:\/\/norbertkuner.com\/index.php?rest_route=\/wp\/v2\/users\/1"}],"replies":[{"embeddable":true,"href":"http:\/\/norbertkuner.com\/index.php?rest_route=%2Fwp%2Fv2%2Fcomments&post=193"}],"version-history":[{"count":2,"href":"http:\/\/norbertkuner.com\/index.php?rest_route=\/wp\/v2\/pages\/193\/revisions"}],"predecessor-version":[{"id":233,"href":"http:\/\/norbertkuner.com\/index.php?rest_route=\/wp\/v2\/pages\/193\/revisions\/233"}],"wp:attachment":[{"href":"http:\/\/norbertkuner.com\/index.php?rest_route=%2Fwp%2Fv2%2Fmedia&parent=193"}],"curies":[{"name":"wp","href":"https:\/\/api.w.org\/{rel}","templated":true}]}}