{"id":196,"date":"2020-04-14T21:31:37","date_gmt":"2020-04-14T21:31:37","guid":{"rendered":"http:\/\/norbertkuner.com\/?page_id=196"},"modified":"2020-04-16T09:32:25","modified_gmt":"2020-04-16T09:32:25","slug":"terapia-fotodinamica","status":"publish","type":"page","link":"http:\/\/norbertkuner.com\/?page_id=196","title":{"rendered":"Terap\u00eda Fotodin\u00e1mica"},"content":{"rendered":"\t\t<div data-elementor-type=\"wp-page\" data-elementor-id=\"196\" class=\"elementor elementor-196\">\n\t\t\t\t\t\t<section class=\"elementor-section elementor-top-section elementor-element elementor-element-1223700 elementor-section-boxed elementor-section-height-default elementor-section-height-default\" data-id=\"1223700\" data-element_type=\"section\">\n\t\t\t\t\t\t<div class=\"elementor-container elementor-column-gap-default\">\n\t\t\t\t\t<div class=\"elementor-column elementor-col-100 elementor-top-column elementor-element elementor-element-8470df0\" data-id=\"8470df0\" data-element_type=\"column\">\n\t\t\t<div class=\"elementor-widget-wrap elementor-element-populated\">\n\t\t\t\t\t\t<div class=\"elementor-element elementor-element-96caf40 elementor-widget elementor-widget-image\" data-id=\"96caf40\" data-element_type=\"widget\" data-widget_type=\"image.default\">\n\t\t\t\t<div class=\"elementor-widget-container\">\n\t\t\t\t\t\t\t\t\t\t\t\t\t\t\t<img fetchpriority=\"high\" decoding=\"async\" width=\"1024\" height=\"988\" src=\"http:\/\/norbertkuner.com\/wp-content\/uploads\/2020\/04\/Screenshot_20170429-221101-1024x988.jpg\" class=\"attachment-large size-large wp-image-172\" alt=\"\" srcset=\"http:\/\/norbertkuner.com\/wp-content\/uploads\/2020\/04\/Screenshot_20170429-221101-1024x988.jpg 1024w, http:\/\/norbertkuner.com\/wp-content\/uploads\/2020\/04\/Screenshot_20170429-221101-300x289.jpg 300w, http:\/\/norbertkuner.com\/wp-content\/uploads\/2020\/04\/Screenshot_20170429-221101-768x741.jpg 768w, http:\/\/norbertkuner.com\/wp-content\/uploads\/2020\/04\/Screenshot_20170429-221101.jpg 1104w\" sizes=\"(max-width: 1024px) 100vw, 1024px\" \/>\t\t\t\t\t\t\t\t\t\t\t\t\t\t\t<\/div>\n\t\t\t\t<\/div>\n\t\t\t\t\t<\/div>\n\t\t<\/div>\n\t\t\t\t\t<\/div>\n\t\t<\/section>\n\t\t\t\t<section class=\"elementor-section elementor-top-section elementor-element elementor-element-cbdca9e elementor-section-boxed elementor-section-height-default elementor-section-height-default\" data-id=\"cbdca9e\" data-element_type=\"section\">\n\t\t\t\t\t\t<div class=\"elementor-container elementor-column-gap-default\">\n\t\t\t\t\t<div class=\"elementor-column elementor-col-100 elementor-top-column elementor-element elementor-element-d28b03c\" data-id=\"d28b03c\" data-element_type=\"column\">\n\t\t\t<div class=\"elementor-widget-wrap elementor-element-populated\">\n\t\t\t\t\t\t<div class=\"elementor-element elementor-element-42f2953 elementor-widget elementor-widget-spacer\" data-id=\"42f2953\" data-element_type=\"widget\" data-widget_type=\"spacer.default\">\n\t\t\t\t<div class=\"elementor-widget-container\">\n\t\t\t\t\t\t\t<div class=\"elementor-spacer\">\n\t\t\t<div class=\"elementor-spacer-inner\"><\/div>\n\t\t<\/div>\n\t\t\t\t\t\t<\/div>\n\t\t\t\t<\/div>\n\t\t\t\t\t<\/div>\n\t\t<\/div>\n\t\t\t\t\t<\/div>\n\t\t<\/section>\n\t\t\t\t<section class=\"elementor-section elementor-top-section elementor-element elementor-element-a324746 elementor-section-boxed elementor-section-height-default elementor-section-height-default\" data-id=\"a324746\" data-element_type=\"section\">\n\t\t\t\t\t\t<div class=\"elementor-container elementor-column-gap-default\">\n\t\t\t\t\t<div class=\"elementor-column elementor-col-100 elementor-top-column elementor-element elementor-element-36a191a\" data-id=\"36a191a\" data-element_type=\"column\">\n\t\t\t<div class=\"elementor-widget-wrap elementor-element-populated\">\n\t\t\t\t\t\t<div class=\"elementor-element elementor-element-ace8b67 elementor-widget elementor-widget-heading\" data-id=\"ace8b67\" data-element_type=\"widget\" data-widget_type=\"heading.default\">\n\t\t\t\t<div class=\"elementor-widget-container\">\n\t\t\t\t\t<h2 class=\"elementor-heading-title elementor-size-xl\">Terap\u00eda Fotodin\u00e1mica<\/h2>\t\t\t\t<\/div>\n\t\t\t\t<\/div>\n\t\t\t\t\t<\/div>\n\t\t<\/div>\n\t\t\t\t\t<\/div>\n\t\t<\/section>\n\t\t\t\t<section class=\"elementor-section elementor-top-section elementor-element elementor-element-450211b elementor-section-boxed elementor-section-height-default elementor-section-height-default\" data-id=\"450211b\" data-element_type=\"section\">\n\t\t\t\t\t\t<div class=\"elementor-container elementor-column-gap-default\">\n\t\t\t\t\t<div class=\"elementor-column elementor-col-100 elementor-top-column elementor-element elementor-element-66e5791\" data-id=\"66e5791\" data-element_type=\"column\">\n\t\t\t<div class=\"elementor-widget-wrap elementor-element-populated\">\n\t\t\t\t\t\t<div class=\"elementor-element elementor-element-eb60159 elementor-widget elementor-widget-spacer\" data-id=\"eb60159\" data-element_type=\"widget\" data-widget_type=\"spacer.default\">\n\t\t\t\t<div class=\"elementor-widget-container\">\n\t\t\t\t\t\t\t<div class=\"elementor-spacer\">\n\t\t\t<div class=\"elementor-spacer-inner\"><\/div>\n\t\t<\/div>\n\t\t\t\t\t\t<\/div>\n\t\t\t\t<\/div>\n\t\t\t\t\t<\/div>\n\t\t<\/div>\n\t\t\t\t\t<\/div>\n\t\t<\/section>\n\t\t\t\t<section class=\"elementor-section elementor-top-section elementor-element elementor-element-7251f3f elementor-section-boxed elementor-section-height-default elementor-section-height-default\" data-id=\"7251f3f\" data-element_type=\"section\">\n\t\t\t\t\t\t<div class=\"elementor-container elementor-column-gap-default\">\n\t\t\t\t\t<div class=\"elementor-column elementor-col-100 elementor-top-column elementor-element elementor-element-26cf9b7\" data-id=\"26cf9b7\" data-element_type=\"column\">\n\t\t\t<div class=\"elementor-widget-wrap elementor-element-populated\">\n\t\t\t\t\t\t<div class=\"elementor-element elementor-element-561f280 elementor-widget elementor-widget-text-editor\" data-id=\"561f280\" data-element_type=\"widget\" data-widget_type=\"text-editor.default\">\n\t\t\t\t<div class=\"elementor-widget-container\">\n\t\t\t\t\t\t\t\t\t<p><span style=\"font-size: 14px;\">La terapia fotodin\u00e1mica se trata de un procedimiento muy moderno que ha revolucionado los tratamientos en dermatolog\u00eda los \u00faltimos a\u00f1os. Consiste en aplicar sobre la piel un agente fotosensibilizador sobre la que despu\u00e9s se aplicar\u00e1n rayos visibles de luz roja o verde,<\/span><\/p>\n<p>En las zonas enfermas se aplica una crema con el agente fotosensibilizador \u00e1cido 5 aminolevul\u00ednico, que es similar al que produce el organismo. \u00c9sta se aplica principalmente sobre las zonas a tratar. Con la iluminaci\u00f3n, tiene lugar una descarga de energ\u00eda que destruye las c\u00e9lulas enfermas.<\/p><p><span style=\"font-size: 14px;\">Ya que este procedimiento se hab\u00eda utilizado hasta el momento para el tratamiento de piel da\u00f1ada por la luz, se observa un rejuvenecimiento considerable de la piel. Despu\u00e9s de la aplicaci\u00f3n de la luz se puede apreciar una reducci\u00f3n de la profundidad de las arrugas, manchas y una rejuvenecimiento facial visible,&nbsp;<\/span><span style=\"font-size: 14px;\">pretende que desaparezcan las arrugas y por tanto proporcionar un aspecto m\u00e1s juvenil en la piel.<\/span><\/p>\n<p>Tiene una duraci\u00f3n temporal: el efecto ronda de 3 a 6 meses; lapso despu\u00e9s del cual debe renovarse la dosis.<\/p>\n<p>Especialmente indicado para:<\/p>\n<p>&#8211; Arrugas de la frente horizontales y verticales<\/p>\n<p>&#8211; Patas de gallo<\/p>\n<p>&#8211; Arruga entrecejo<\/p>\n<p>&#8211; Elevaci\u00f3n de las cejas<\/p>\n<p>Esta sustancia se utiliza a menudo en combinaci\u00f3n con otras como el \u00e1cido hialur\u00f3nico.<\/p>\t\t\t\t\t\t\t\t<\/div>\n\t\t\t\t<\/div>\n\t\t\t\t\t<\/div>\n\t\t<\/div>\n\t\t\t\t\t<\/div>\n\t\t<\/section>\n\t\t\t\t<\/div>\n\t\t","protected":false},"excerpt":{"rendered":"<p>Terap\u00eda Fotodin\u00e1mica La terapia fotodin\u00e1mica se trata de un procedimiento muy moderno que ha revolucionado los tratamientos en dermatolog\u00eda los \u00faltimos a\u00f1os. Consiste en aplicar sobre la piel un agente fotosensibilizador sobre la que despu\u00e9s se aplicar\u00e1n rayos visibles de luz roja o verde, En las zonas enfermas se aplica una crema con el agente [&hellip;]<\/p>\n","protected":false},"author":1,"featured_media":0,"parent":0,"menu_order":0,"comment_status":"closed","ping_status":"closed","template":"","meta":{"ocean_post_layout":"","ocean_both_sidebars_style":"","ocean_both_sidebars_content_width":0,"ocean_both_sidebars_sidebars_width":0,"ocean_sidebar":"0","ocean_second_sidebar":"0","ocean_disable_margins":"enable","ocean_add_body_class":"","ocean_shortcode_before_top_bar":"","ocean_shortcode_after_top_bar":"","ocean_shortcode_before_header":"","ocean_shortcode_after_header":"","ocean_has_shortcode":"","ocean_shortcode_after_title":"","ocean_shortcode_before_footer_widgets":"","ocean_shortcode_after_footer_widgets":"","ocean_shortcode_before_footer_bottom":"","ocean_shortcode_after_footer_bottom":"","ocean_display_top_bar":"default","ocean_display_header":"default","ocean_header_style":"","ocean_center_header_left_menu":"0","ocean_custom_header_template":"0","ocean_custom_logo":0,"ocean_custom_retina_logo":0,"ocean_custom_logo_max_width":0,"ocean_custom_logo_tablet_max_width":0,"ocean_custom_logo_mobile_max_width":0,"ocean_custom_logo_max_height":0,"ocean_custom_logo_tablet_max_height":0,"ocean_custom_logo_mobile_max_height":0,"ocean_header_custom_menu":"0","ocean_menu_typo_font_family":"0","ocean_menu_typo_font_subset":"","ocean_menu_typo_font_size":0,"ocean_menu_typo_font_size_tablet":0,"ocean_menu_typo_font_size_mobile":0,"ocean_menu_typo_font_size_unit":"px","ocean_menu_typo_font_weight":"","ocean_menu_typo_font_weight_tablet":"","ocean_menu_typo_font_weight_mobile":"","ocean_menu_typo_transform":"","ocean_menu_typo_transform_tablet":"","ocean_menu_typo_transform_mobile":"","ocean_menu_typo_line_height":0,"ocean_menu_typo_line_height_tablet":0,"ocean_menu_typo_line_height_mobile":0,"ocean_menu_typo_line_height_unit":"","ocean_menu_typo_spacing":0,"ocean_menu_typo_spacing_tablet":0,"ocean_menu_typo_spacing_mobile":0,"ocean_menu_typo_spacing_unit":"","ocean_menu_link_color":"","ocean_menu_link_color_hover":"","ocean_menu_link_color_active":"","ocean_menu_link_background":"","ocean_menu_link_hover_background":"","ocean_menu_link_active_background":"","ocean_menu_social_links_bg":"","ocean_menu_social_hover_links_bg":"","ocean_menu_social_links_color":"","ocean_menu_social_hover_links_color":"","ocean_disable_title":"default","ocean_disable_heading":"default","ocean_post_title":"","ocean_post_subheading":"","ocean_post_title_style":"","ocean_post_title_background_color":"","ocean_post_title_background":0,"ocean_post_title_bg_image_position":"","ocean_post_title_bg_image_attachment":"","ocean_post_title_bg_image_repeat":"","ocean_post_title_bg_image_size":"","ocean_post_title_height":0,"ocean_post_title_bg_overlay":0.5,"ocean_post_title_bg_overlay_color":"","ocean_disable_breadcrumbs":"default","ocean_breadcrumbs_color":"","ocean_breadcrumbs_separator_color":"","ocean_breadcrumbs_links_color":"","ocean_breadcrumbs_links_hover_color":"","ocean_display_footer_widgets":"default","ocean_display_footer_bottom":"default","ocean_custom_footer_template":"0","footnotes":""},"class_list":["post-196","page","type-page","status-publish","hentry","entry"],"yoast_head":"<!-- This site is optimized with the Yoast SEO plugin v24.3 - https:\/\/yoast.com\/wordpress\/plugins\/seo\/ -->\n<title>Terap\u00eda Fotodin\u00e1mica - Dr. Norbert Kuner<\/title>\n<meta name=\"robots\" content=\"index, follow, max-snippet:-1, max-image-preview:large, max-video-preview:-1\" \/>\n<link rel=\"canonical\" href=\"http:\/\/norbertkuner.com\/?page_id=196\" \/>\n<meta property=\"og:locale\" content=\"de_DE\" \/>\n<meta property=\"og:type\" content=\"article\" \/>\n<meta property=\"og:title\" content=\"Terap\u00eda Fotodin\u00e1mica - Dr. Norbert Kuner\" \/>\n<meta property=\"og:description\" content=\"Terap\u00eda Fotodin\u00e1mica La terapia fotodin\u00e1mica se trata de un procedimiento muy moderno que ha revolucionado los tratamientos en dermatolog\u00eda los \u00faltimos a\u00f1os. Consiste en aplicar sobre la piel un agente fotosensibilizador sobre la que despu\u00e9s se aplicar\u00e1n rayos visibles de luz roja o verde, En las zonas enfermas se aplica una crema con el agente [&hellip;]\" \/>\n<meta property=\"og:url\" content=\"http:\/\/norbertkuner.com\/?page_id=196\" \/>\n<meta property=\"og:site_name\" content=\"Dr. Norbert Kuner\" \/>\n<meta property=\"article:modified_time\" content=\"2020-04-16T09:32:25+00:00\" \/>\n<meta property=\"og:image\" content=\"http:\/\/norbertkuner.com\/wp-content\/uploads\/2020\/04\/Screenshot_20170429-221101.jpg\" \/>\n\t<meta property=\"og:image:width\" content=\"1104\" \/>\n\t<meta property=\"og:image:height\" content=\"1065\" \/>\n\t<meta property=\"og:image:type\" content=\"image\/jpeg\" \/>\n<meta name=\"twitter:card\" content=\"summary_large_image\" \/>\n<meta name=\"twitter:label1\" content=\"Gesch\u00e4tzte Lesezeit\" \/>\n\t<meta name=\"twitter:data1\" content=\"1\u00a0Minute\" \/>\n<script type=\"application\/ld+json\" class=\"yoast-schema-graph\">{\"@context\":\"https:\/\/schema.org\",\"@graph\":[{\"@type\":\"WebPage\",\"@id\":\"http:\/\/norbertkuner.com\/?page_id=196\",\"url\":\"http:\/\/norbertkuner.com\/?page_id=196\",\"name\":\"Terap\u00eda Fotodin\u00e1mica - Dr. Norbert Kuner\",\"isPartOf\":{\"@id\":\"http:\/\/norbertkuner.com\/#website\"},\"primaryImageOfPage\":{\"@id\":\"http:\/\/norbertkuner.com\/?page_id=196#primaryimage\"},\"image\":{\"@id\":\"http:\/\/norbertkuner.com\/?page_id=196#primaryimage\"},\"thumbnailUrl\":\"http:\/\/norbertkuner.com\/wp-content\/uploads\/2020\/04\/Screenshot_20170429-221101-1024x988.jpg\",\"datePublished\":\"2020-04-14T21:31:37+00:00\",\"dateModified\":\"2020-04-16T09:32:25+00:00\",\"breadcrumb\":{\"@id\":\"http:\/\/norbertkuner.com\/?page_id=196#breadcrumb\"},\"inLanguage\":\"de\",\"potentialAction\":[{\"@type\":\"ReadAction\",\"target\":[\"http:\/\/norbertkuner.com\/?page_id=196\"]}]},{\"@type\":\"ImageObject\",\"inLanguage\":\"de\",\"@id\":\"http:\/\/norbertkuner.com\/?page_id=196#primaryimage\",\"url\":\"http:\/\/norbertkuner.com\/wp-content\/uploads\/2020\/04\/Screenshot_20170429-221101.jpg\",\"contentUrl\":\"http:\/\/norbertkuner.com\/wp-content\/uploads\/2020\/04\/Screenshot_20170429-221101.jpg\",\"width\":1104,\"height\":1065},{\"@type\":\"BreadcrumbList\",\"@id\":\"http:\/\/norbertkuner.com\/?page_id=196#breadcrumb\",\"itemListElement\":[{\"@type\":\"ListItem\",\"position\":1,\"name\":\"Startseite\",\"item\":\"http:\/\/norbertkuner.com\/\"},{\"@type\":\"ListItem\",\"position\":2,\"name\":\"Terap\u00eda Fotodin\u00e1mica\"}]},{\"@type\":\"WebSite\",\"@id\":\"http:\/\/norbertkuner.com\/#website\",\"url\":\"http:\/\/norbertkuner.com\/\",\"name\":\"Dr. Norbert Kuner\",\"description\":\"Dermat\u00f3logo\",\"publisher\":{\"@id\":\"http:\/\/norbertkuner.com\/#\/schema\/person\/6ff9f3842bc912ccd15b8a7afd6ce912\"},\"potentialAction\":[{\"@type\":\"SearchAction\",\"target\":{\"@type\":\"EntryPoint\",\"urlTemplate\":\"http:\/\/norbertkuner.com\/?s={search_term_string}\"},\"query-input\":{\"@type\":\"PropertyValueSpecification\",\"valueRequired\":true,\"valueName\":\"search_term_string\"}}],\"inLanguage\":\"de\"},{\"@type\":[\"Person\",\"Organization\"],\"@id\":\"http:\/\/norbertkuner.com\/#\/schema\/person\/6ff9f3842bc912ccd15b8a7afd6ce912\",\"name\":\"Norbert\",\"image\":{\"@type\":\"ImageObject\",\"inLanguage\":\"de\",\"@id\":\"http:\/\/norbertkuner.com\/#\/schema\/person\/image\/\",\"url\":\"http:\/\/norbertkuner.com\/wp-content\/uploads\/2020\/04\/cropped-logo1.png\",\"contentUrl\":\"http:\/\/norbertkuner.com\/wp-content\/uploads\/2020\/04\/cropped-logo1.png\",\"width\":290,\"height\":79,\"caption\":\"Norbert\"},\"logo\":{\"@id\":\"http:\/\/norbertkuner.com\/#\/schema\/person\/image\/\"}}]}<\/script>\n<!-- \/ Yoast SEO plugin. -->","yoast_head_json":{"title":"Terap\u00eda Fotodin\u00e1mica - Dr. Norbert Kuner","robots":{"index":"index","follow":"follow","max-snippet":"max-snippet:-1","max-image-preview":"max-image-preview:large","max-video-preview":"max-video-preview:-1"},"canonical":"http:\/\/norbertkuner.com\/?page_id=196","og_locale":"de_DE","og_type":"article","og_title":"Terap\u00eda Fotodin\u00e1mica - Dr. Norbert Kuner","og_description":"Terap\u00eda Fotodin\u00e1mica La terapia fotodin\u00e1mica se trata de un procedimiento muy moderno que ha revolucionado los tratamientos en dermatolog\u00eda los \u00faltimos a\u00f1os. Consiste en aplicar sobre la piel un agente fotosensibilizador sobre la que despu\u00e9s se aplicar\u00e1n rayos visibles de luz roja o verde, En las zonas enfermas se aplica una crema con el agente [&hellip;]","og_url":"http:\/\/norbertkuner.com\/?page_id=196","og_site_name":"Dr. Norbert Kuner","article_modified_time":"2020-04-16T09:32:25+00:00","og_image":[{"width":1104,"height":1065,"url":"http:\/\/norbertkuner.com\/wp-content\/uploads\/2020\/04\/Screenshot_20170429-221101.jpg","type":"image\/jpeg"}],"twitter_card":"summary_large_image","twitter_misc":{"Gesch\u00e4tzte Lesezeit":"1\u00a0Minute"},"schema":{"@context":"https:\/\/schema.org","@graph":[{"@type":"WebPage","@id":"http:\/\/norbertkuner.com\/?page_id=196","url":"http:\/\/norbertkuner.com\/?page_id=196","name":"Terap\u00eda Fotodin\u00e1mica - Dr. Norbert Kuner","isPartOf":{"@id":"http:\/\/norbertkuner.com\/#website"},"primaryImageOfPage":{"@id":"http:\/\/norbertkuner.com\/?page_id=196#primaryimage"},"image":{"@id":"http:\/\/norbertkuner.com\/?page_id=196#primaryimage"},"thumbnailUrl":"http:\/\/norbertkuner.com\/wp-content\/uploads\/2020\/04\/Screenshot_20170429-221101-1024x988.jpg","datePublished":"2020-04-14T21:31:37+00:00","dateModified":"2020-04-16T09:32:25+00:00","breadcrumb":{"@id":"http:\/\/norbertkuner.com\/?page_id=196#breadcrumb"},"inLanguage":"de","potentialAction":[{"@type":"ReadAction","target":["http:\/\/norbertkuner.com\/?page_id=196"]}]},{"@type":"ImageObject","inLanguage":"de","@id":"http:\/\/norbertkuner.com\/?page_id=196#primaryimage","url":"http:\/\/norbertkuner.com\/wp-content\/uploads\/2020\/04\/Screenshot_20170429-221101.jpg","contentUrl":"http:\/\/norbertkuner.com\/wp-content\/uploads\/2020\/04\/Screenshot_20170429-221101.jpg","width":1104,"height":1065},{"@type":"BreadcrumbList","@id":"http:\/\/norbertkuner.com\/?page_id=196#breadcrumb","itemListElement":[{"@type":"ListItem","position":1,"name":"Startseite","item":"http:\/\/norbertkuner.com\/"},{"@type":"ListItem","position":2,"name":"Terap\u00eda Fotodin\u00e1mica"}]},{"@type":"WebSite","@id":"http:\/\/norbertkuner.com\/#website","url":"http:\/\/norbertkuner.com\/","name":"Dr. Norbert Kuner","description":"Dermat\u00f3logo","publisher":{"@id":"http:\/\/norbertkuner.com\/#\/schema\/person\/6ff9f3842bc912ccd15b8a7afd6ce912"},"potentialAction":[{"@type":"SearchAction","target":{"@type":"EntryPoint","urlTemplate":"http:\/\/norbertkuner.com\/?s={search_term_string}"},"query-input":{"@type":"PropertyValueSpecification","valueRequired":true,"valueName":"search_term_string"}}],"inLanguage":"de"},{"@type":["Person","Organization"],"@id":"http:\/\/norbertkuner.com\/#\/schema\/person\/6ff9f3842bc912ccd15b8a7afd6ce912","name":"Norbert","image":{"@type":"ImageObject","inLanguage":"de","@id":"http:\/\/norbertkuner.com\/#\/schema\/person\/image\/","url":"http:\/\/norbertkuner.com\/wp-content\/uploads\/2020\/04\/cropped-logo1.png","contentUrl":"http:\/\/norbertkuner.com\/wp-content\/uploads\/2020\/04\/cropped-logo1.png","width":290,"height":79,"caption":"Norbert"},"logo":{"@id":"http:\/\/norbertkuner.com\/#\/schema\/person\/image\/"}}]}},"_links":{"self":[{"href":"http:\/\/norbertkuner.com\/index.php?rest_route=\/wp\/v2\/pages\/196","targetHints":{"allow":["GET"]}}],"collection":[{"href":"http:\/\/norbertkuner.com\/index.php?rest_route=\/wp\/v2\/pages"}],"about":[{"href":"http:\/\/norbertkuner.com\/index.php?rest_route=\/wp\/v2\/types\/page"}],"author":[{"embeddable":true,"href":"http:\/\/norbertkuner.com\/index.php?rest_route=\/wp\/v2\/users\/1"}],"replies":[{"embeddable":true,"href":"http:\/\/norbertkuner.com\/index.php?rest_route=%2Fwp%2Fv2%2Fcomments&post=196"}],"version-history":[{"count":5,"href":"http:\/\/norbertkuner.com\/index.php?rest_route=\/wp\/v2\/pages\/196\/revisions"}],"predecessor-version":[{"id":242,"href":"http:\/\/norbertkuner.com\/index.php?rest_route=\/wp\/v2\/pages\/196\/revisions\/242"}],"wp:attachment":[{"href":"http:\/\/norbertkuner.com\/index.php?rest_route=%2Fwp%2Fv2%2Fmedia&parent=196"}],"curies":[{"name":"wp","href":"https:\/\/api.w.org\/{rel}","templated":true}]}}