{"id":270,"date":"2020-04-16T20:12:30","date_gmt":"2020-04-16T20:12:30","guid":{"rendered":"http:\/\/norbertkuner.com\/?page_id=270"},"modified":"2023-10-08T19:40:30","modified_gmt":"2023-10-08T19:40:30","slug":"plexr-2","status":"publish","type":"page","link":"http:\/\/norbertkuner.com\/?page_id=270","title":{"rendered":"Plexr"},"content":{"rendered":"\t\t<div data-elementor-type=\"wp-page\" data-elementor-id=\"270\" class=\"elementor elementor-270\">\n\t\t\t\t\t\t<section class=\"elementor-section elementor-top-section elementor-element elementor-element-037e7ec elementor-section-boxed elementor-section-height-default elementor-section-height-default\" data-id=\"037e7ec\" data-element_type=\"section\">\n\t\t\t\t\t\t<div class=\"elementor-container elementor-column-gap-default\">\n\t\t\t\t\t<div class=\"elementor-column elementor-col-100 elementor-top-column elementor-element elementor-element-eaf5cfe\" data-id=\"eaf5cfe\" data-element_type=\"column\">\n\t\t\t<div class=\"elementor-widget-wrap elementor-element-populated\">\n\t\t\t\t\t\t<div class=\"elementor-element elementor-element-0a4cb3c elementor-widget elementor-widget-image\" data-id=\"0a4cb3c\" data-element_type=\"widget\" data-widget_type=\"image.default\">\n\t\t\t\t<div class=\"elementor-widget-container\">\n\t\t\t\t\t\t\t\t\t\t\t\t\t\t\t<img fetchpriority=\"high\" decoding=\"async\" width=\"1024\" height=\"714\" src=\"http:\/\/norbertkuner.com\/wp-content\/uploads\/2020\/04\/20170429_160428-1024x714.png\" class=\"attachment-large size-large wp-image-175\" alt=\"\" srcset=\"http:\/\/norbertkuner.com\/wp-content\/uploads\/2020\/04\/20170429_160428-1024x714.png 1024w, http:\/\/norbertkuner.com\/wp-content\/uploads\/2020\/04\/20170429_160428-300x209.png 300w, http:\/\/norbertkuner.com\/wp-content\/uploads\/2020\/04\/20170429_160428-768x535.png 768w, http:\/\/norbertkuner.com\/wp-content\/uploads\/2020\/04\/20170429_160428.png 1267w\" sizes=\"(max-width: 1024px) 100vw, 1024px\" \/>\t\t\t\t\t\t\t\t\t\t\t\t\t\t\t<\/div>\n\t\t\t\t<\/div>\n\t\t\t\t\t<\/div>\n\t\t<\/div>\n\t\t\t\t\t<\/div>\n\t\t<\/section>\n\t\t\t\t<section class=\"elementor-section elementor-top-section elementor-element elementor-element-b06bf3e elementor-section-boxed elementor-section-height-default elementor-section-height-default\" data-id=\"b06bf3e\" data-element_type=\"section\">\n\t\t\t\t\t\t<div class=\"elementor-container elementor-column-gap-default\">\n\t\t\t\t\t<div class=\"elementor-column elementor-col-100 elementor-top-column elementor-element elementor-element-f0cba17\" data-id=\"f0cba17\" data-element_type=\"column\">\n\t\t\t<div class=\"elementor-widget-wrap elementor-element-populated\">\n\t\t\t\t\t\t<div class=\"elementor-element elementor-element-199a879 elementor-widget elementor-widget-spacer\" data-id=\"199a879\" data-element_type=\"widget\" data-widget_type=\"spacer.default\">\n\t\t\t\t<div class=\"elementor-widget-container\">\n\t\t\t\t\t\t\t<div class=\"elementor-spacer\">\n\t\t\t<div class=\"elementor-spacer-inner\"><\/div>\n\t\t<\/div>\n\t\t\t\t\t\t<\/div>\n\t\t\t\t<\/div>\n\t\t\t\t\t<\/div>\n\t\t<\/div>\n\t\t\t\t\t<\/div>\n\t\t<\/section>\n\t\t\t\t<section class=\"elementor-section elementor-top-section elementor-element elementor-element-2281359 elementor-section-boxed elementor-section-height-default elementor-section-height-default\" data-id=\"2281359\" data-element_type=\"section\">\n\t\t\t\t\t\t<div class=\"elementor-container elementor-column-gap-default\">\n\t\t\t\t\t<div class=\"elementor-column elementor-col-100 elementor-top-column elementor-element elementor-element-a23abb3\" data-id=\"a23abb3\" data-element_type=\"column\">\n\t\t\t<div class=\"elementor-widget-wrap elementor-element-populated\">\n\t\t\t\t\t\t<div class=\"elementor-element elementor-element-fdc65ef elementor-widget elementor-widget-heading\" data-id=\"fdc65ef\" data-element_type=\"widget\" data-widget_type=\"heading.default\">\n\t\t\t\t<div class=\"elementor-widget-container\">\n\t\t\t\t\t<h2 class=\"elementor-heading-title elementor-size-xl\">PlexR, la tecnolog\u00eda con la carga de plasma\n<\/h2>\t\t\t\t<\/div>\n\t\t\t\t<\/div>\n\t\t\t\t\t<\/div>\n\t\t<\/div>\n\t\t\t\t\t<\/div>\n\t\t<\/section>\n\t\t\t\t<section class=\"elementor-section elementor-top-section elementor-element elementor-element-cdac072 elementor-section-boxed elementor-section-height-default elementor-section-height-default\" data-id=\"cdac072\" data-element_type=\"section\">\n\t\t\t\t\t\t<div class=\"elementor-container elementor-column-gap-default\">\n\t\t\t\t\t<div class=\"elementor-column elementor-col-100 elementor-top-column elementor-element elementor-element-2fbc2a3\" data-id=\"2fbc2a3\" data-element_type=\"column\">\n\t\t\t<div class=\"elementor-widget-wrap elementor-element-populated\">\n\t\t\t\t\t\t<div class=\"elementor-element elementor-element-315d39a elementor-widget elementor-widget-spacer\" data-id=\"315d39a\" data-element_type=\"widget\" data-widget_type=\"spacer.default\">\n\t\t\t\t<div class=\"elementor-widget-container\">\n\t\t\t\t\t\t\t<div class=\"elementor-spacer\">\n\t\t\t<div class=\"elementor-spacer-inner\"><\/div>\n\t\t<\/div>\n\t\t\t\t\t\t<\/div>\n\t\t\t\t<\/div>\n\t\t\t\t\t<\/div>\n\t\t<\/div>\n\t\t\t\t\t<\/div>\n\t\t<\/section>\n\t\t\t\t<section class=\"elementor-section elementor-top-section elementor-element elementor-element-676e8cf elementor-section-boxed elementor-section-height-default elementor-section-height-default\" data-id=\"676e8cf\" data-element_type=\"section\">\n\t\t\t\t\t\t<div class=\"elementor-container elementor-column-gap-default\">\n\t\t\t\t\t<div class=\"elementor-column elementor-col-100 elementor-top-column elementor-element elementor-element-d5b5ef0\" data-id=\"d5b5ef0\" data-element_type=\"column\">\n\t\t\t<div class=\"elementor-widget-wrap elementor-element-populated\">\n\t\t\t\t\t\t<div class=\"elementor-element elementor-element-2a910d3 elementor-widget elementor-widget-text-editor\" data-id=\"2a910d3\" data-element_type=\"widget\" data-widget_type=\"text-editor.default\">\n\t\t\t\t<div class=\"elementor-widget-container\">\n\t\t\t\t\t\t\t\t\t<p>El concepto de la tecnolog\u00eda PlexR se basa en la carga del aire de la misma manera que la<br \/>descarga de un rayo. Como resultado, la eliminaci\u00f3n de las capas externas de la piel tiene \u00e9xito<br \/>sin intervenci\u00f3n quir\u00fargica y dejando rastros. El plasma producido act\u00faa como un bistur\u00ed sin filo<br \/>cortante y sin heridas sangrientas, que, sin embargo, no penetra en las capas profundas de la<br \/>piel debido a la densidad de energ\u00eda especial y no deja cicatrices. Al mismo tiempo, el<br \/>tratamiento conduce a un fuerte endurecimiento del tejido conectivo. Por lo tanto, este<br \/>procedimiento es adecuado, entre otras cosas, para apretar los p\u00e1rpados sin cirug\u00eda.<br \/>Este proceso innovador se puede utilizar de varias maneras. De este modo, muchos cambios<br \/>antiest\u00e9ticos en la piel se pueden eliminar f\u00e1cil y eficazmente de las capas superiores de la piel,<br \/>como manchas de pigmento en el dorso de la mano o verrugas de la edad. Pero el<br \/>rejuvenecimiento de la cara tambi\u00e9n es posible. Las zonas de aplicaci\u00f3n de la lanza de plasma<br \/>van desde el endurecimiento de las l\u00edneas de expresi\u00f3n y las patas de gallo hasta el tratamiento<br \/>del acn\u00e9, cicatrices y manchas de pigmento. Este procedimiento moderno tambi\u00e9n es<br \/>particularmente adecuado para la eliminaci\u00f3n sin cicatrices de tumores benignos de la piel y<br \/>fibromas perturbadores.<\/p>\t\t\t\t\t\t\t\t<\/div>\n\t\t\t\t<\/div>\n\t\t\t\t\t<\/div>\n\t\t<\/div>\n\t\t\t\t\t<\/div>\n\t\t<\/section>\n\t\t\t\t<\/div>\n\t\t","protected":false},"excerpt":{"rendered":"<p>PlexR, la tecnolog\u00eda con la carga de plasma El concepto de la tecnolog\u00eda PlexR se basa en la carga del aire de la misma manera que ladescarga de un rayo. Como resultado, la eliminaci\u00f3n de las capas externas de la piel tiene \u00e9xitosin intervenci\u00f3n quir\u00fargica y dejando rastros. El plasma producido act\u00faa como un bistur\u00ed [&hellip;]<\/p>\n","protected":false},"author":1,"featured_media":0,"parent":0,"menu_order":0,"comment_status":"closed","ping_status":"closed","template":"","meta":{"ocean_post_layout":"","ocean_both_sidebars_style":"","ocean_both_sidebars_content_width":0,"ocean_both_sidebars_sidebars_width":0,"ocean_sidebar":"0","ocean_second_sidebar":"0","ocean_disable_margins":"enable","ocean_add_body_class":"","ocean_shortcode_before_top_bar":"","ocean_shortcode_after_top_bar":"","ocean_shortcode_before_header":"","ocean_shortcode_after_header":"","ocean_has_shortcode":"","ocean_shortcode_after_title":"","ocean_shortcode_before_footer_widgets":"","ocean_shortcode_after_footer_widgets":"","ocean_shortcode_before_footer_bottom":"","ocean_shortcode_after_footer_bottom":"","ocean_display_top_bar":"default","ocean_display_header":"default","ocean_header_style":"","ocean_center_header_left_menu":"0","ocean_custom_header_template":"0","ocean_custom_logo":0,"ocean_custom_retina_logo":0,"ocean_custom_logo_max_width":0,"ocean_custom_logo_tablet_max_width":0,"ocean_custom_logo_mobile_max_width":0,"ocean_custom_logo_max_height":0,"ocean_custom_logo_tablet_max_height":0,"ocean_custom_logo_mobile_max_height":0,"ocean_header_custom_menu":"0","ocean_menu_typo_font_family":"0","ocean_menu_typo_font_subset":"","ocean_menu_typo_font_size":0,"ocean_menu_typo_font_size_tablet":0,"ocean_menu_typo_font_size_mobile":0,"ocean_menu_typo_font_size_unit":"px","ocean_menu_typo_font_weight":"","ocean_menu_typo_font_weight_tablet":"","ocean_menu_typo_font_weight_mobile":"","ocean_menu_typo_transform":"","ocean_menu_typo_transform_tablet":"","ocean_menu_typo_transform_mobile":"","ocean_menu_typo_line_height":0,"ocean_menu_typo_line_height_tablet":0,"ocean_menu_typo_line_height_mobile":0,"ocean_menu_typo_line_height_unit":"","ocean_menu_typo_spacing":0,"ocean_menu_typo_spacing_tablet":0,"ocean_menu_typo_spacing_mobile":0,"ocean_menu_typo_spacing_unit":"","ocean_menu_link_color":"","ocean_menu_link_color_hover":"","ocean_menu_link_color_active":"","ocean_menu_link_background":"","ocean_menu_link_hover_background":"","ocean_menu_link_active_background":"","ocean_menu_social_links_bg":"","ocean_menu_social_hover_links_bg":"","ocean_menu_social_links_color":"","ocean_menu_social_hover_links_color":"","ocean_disable_title":"default","ocean_disable_heading":"default","ocean_post_title":"","ocean_post_subheading":"","ocean_post_title_style":"","ocean_post_title_background_color":"","ocean_post_title_background":0,"ocean_post_title_bg_image_position":"","ocean_post_title_bg_image_attachment":"","ocean_post_title_bg_image_repeat":"","ocean_post_title_bg_image_size":"","ocean_post_title_height":0,"ocean_post_title_bg_overlay":0.5,"ocean_post_title_bg_overlay_color":"","ocean_disable_breadcrumbs":"default","ocean_breadcrumbs_color":"","ocean_breadcrumbs_separator_color":"","ocean_breadcrumbs_links_color":"","ocean_breadcrumbs_links_hover_color":"","ocean_display_footer_widgets":"default","ocean_display_footer_bottom":"default","ocean_custom_footer_template":"0","footnotes":""},"class_list":["post-270","page","type-page","status-publish","hentry","entry"],"yoast_head":"<!-- This site is optimized with the Yoast SEO plugin v24.3 - https:\/\/yoast.com\/wordpress\/plugins\/seo\/ -->\n<title>Plexr - Dr. Norbert Kuner<\/title>\n<meta name=\"robots\" content=\"index, follow, max-snippet:-1, max-image-preview:large, max-video-preview:-1\" \/>\n<link rel=\"canonical\" href=\"http:\/\/norbertkuner.com\/?page_id=270\" \/>\n<meta property=\"og:locale\" content=\"de_DE\" \/>\n<meta property=\"og:type\" content=\"article\" \/>\n<meta property=\"og:title\" content=\"Plexr - Dr. Norbert Kuner\" \/>\n<meta property=\"og:description\" content=\"PlexR, la tecnolog\u00eda con la carga de plasma El concepto de la tecnolog\u00eda PlexR se basa en la carga del aire de la misma manera que ladescarga de un rayo. Como resultado, la eliminaci\u00f3n de las capas externas de la piel tiene \u00e9xitosin intervenci\u00f3n quir\u00fargica y dejando rastros. El plasma producido act\u00faa como un bistur\u00ed [&hellip;]\" \/>\n<meta property=\"og:url\" content=\"http:\/\/norbertkuner.com\/?page_id=270\" \/>\n<meta property=\"og:site_name\" content=\"Dr. Norbert Kuner\" \/>\n<meta property=\"article:modified_time\" content=\"2023-10-08T19:40:30+00:00\" \/>\n<meta property=\"og:image\" content=\"http:\/\/norbertkuner.com\/wp-content\/uploads\/2020\/04\/20170429_160428.png\" \/>\n\t<meta property=\"og:image:width\" content=\"1267\" \/>\n\t<meta property=\"og:image:height\" content=\"883\" \/>\n\t<meta property=\"og:image:type\" content=\"image\/png\" \/>\n<meta name=\"twitter:card\" content=\"summary_large_image\" \/>\n<meta name=\"twitter:label1\" content=\"Gesch\u00e4tzte Lesezeit\" \/>\n\t<meta name=\"twitter:data1\" content=\"1\u00a0Minute\" \/>\n<script type=\"application\/ld+json\" class=\"yoast-schema-graph\">{\"@context\":\"https:\/\/schema.org\",\"@graph\":[{\"@type\":\"WebPage\",\"@id\":\"http:\/\/norbertkuner.com\/?page_id=270\",\"url\":\"http:\/\/norbertkuner.com\/?page_id=270\",\"name\":\"Plexr - Dr. Norbert Kuner\",\"isPartOf\":{\"@id\":\"http:\/\/norbertkuner.com\/#website\"},\"primaryImageOfPage\":{\"@id\":\"http:\/\/norbertkuner.com\/?page_id=270#primaryimage\"},\"image\":{\"@id\":\"http:\/\/norbertkuner.com\/?page_id=270#primaryimage\"},\"thumbnailUrl\":\"http:\/\/norbertkuner.com\/wp-content\/uploads\/2020\/04\/20170429_160428-1024x714.png\",\"datePublished\":\"2020-04-16T20:12:30+00:00\",\"dateModified\":\"2023-10-08T19:40:30+00:00\",\"breadcrumb\":{\"@id\":\"http:\/\/norbertkuner.com\/?page_id=270#breadcrumb\"},\"inLanguage\":\"de\",\"potentialAction\":[{\"@type\":\"ReadAction\",\"target\":[\"http:\/\/norbertkuner.com\/?page_id=270\"]}]},{\"@type\":\"ImageObject\",\"inLanguage\":\"de\",\"@id\":\"http:\/\/norbertkuner.com\/?page_id=270#primaryimage\",\"url\":\"http:\/\/norbertkuner.com\/wp-content\/uploads\/2020\/04\/20170429_160428.png\",\"contentUrl\":\"http:\/\/norbertkuner.com\/wp-content\/uploads\/2020\/04\/20170429_160428.png\",\"width\":1267,\"height\":883},{\"@type\":\"BreadcrumbList\",\"@id\":\"http:\/\/norbertkuner.com\/?page_id=270#breadcrumb\",\"itemListElement\":[{\"@type\":\"ListItem\",\"position\":1,\"name\":\"Startseite\",\"item\":\"http:\/\/norbertkuner.com\/\"},{\"@type\":\"ListItem\",\"position\":2,\"name\":\"Plexr\"}]},{\"@type\":\"WebSite\",\"@id\":\"http:\/\/norbertkuner.com\/#website\",\"url\":\"http:\/\/norbertkuner.com\/\",\"name\":\"Dr. Norbert Kuner\",\"description\":\"Dermat\u00f3logo\",\"publisher\":{\"@id\":\"http:\/\/norbertkuner.com\/#\/schema\/person\/6ff9f3842bc912ccd15b8a7afd6ce912\"},\"potentialAction\":[{\"@type\":\"SearchAction\",\"target\":{\"@type\":\"EntryPoint\",\"urlTemplate\":\"http:\/\/norbertkuner.com\/?s={search_term_string}\"},\"query-input\":{\"@type\":\"PropertyValueSpecification\",\"valueRequired\":true,\"valueName\":\"search_term_string\"}}],\"inLanguage\":\"de\"},{\"@type\":[\"Person\",\"Organization\"],\"@id\":\"http:\/\/norbertkuner.com\/#\/schema\/person\/6ff9f3842bc912ccd15b8a7afd6ce912\",\"name\":\"Norbert\",\"image\":{\"@type\":\"ImageObject\",\"inLanguage\":\"de\",\"@id\":\"http:\/\/norbertkuner.com\/#\/schema\/person\/image\/\",\"url\":\"http:\/\/norbertkuner.com\/wp-content\/uploads\/2020\/04\/cropped-logo1.png\",\"contentUrl\":\"http:\/\/norbertkuner.com\/wp-content\/uploads\/2020\/04\/cropped-logo1.png\",\"width\":290,\"height\":79,\"caption\":\"Norbert\"},\"logo\":{\"@id\":\"http:\/\/norbertkuner.com\/#\/schema\/person\/image\/\"}}]}<\/script>\n<!-- \/ Yoast SEO plugin. -->","yoast_head_json":{"title":"Plexr - Dr. Norbert Kuner","robots":{"index":"index","follow":"follow","max-snippet":"max-snippet:-1","max-image-preview":"max-image-preview:large","max-video-preview":"max-video-preview:-1"},"canonical":"http:\/\/norbertkuner.com\/?page_id=270","og_locale":"de_DE","og_type":"article","og_title":"Plexr - Dr. Norbert Kuner","og_description":"PlexR, la tecnolog\u00eda con la carga de plasma El concepto de la tecnolog\u00eda PlexR se basa en la carga del aire de la misma manera que ladescarga de un rayo. Como resultado, la eliminaci\u00f3n de las capas externas de la piel tiene \u00e9xitosin intervenci\u00f3n quir\u00fargica y dejando rastros. El plasma producido act\u00faa como un bistur\u00ed [&hellip;]","og_url":"http:\/\/norbertkuner.com\/?page_id=270","og_site_name":"Dr. Norbert Kuner","article_modified_time":"2023-10-08T19:40:30+00:00","og_image":[{"width":1267,"height":883,"url":"http:\/\/norbertkuner.com\/wp-content\/uploads\/2020\/04\/20170429_160428.png","type":"image\/png"}],"twitter_card":"summary_large_image","twitter_misc":{"Gesch\u00e4tzte Lesezeit":"1\u00a0Minute"},"schema":{"@context":"https:\/\/schema.org","@graph":[{"@type":"WebPage","@id":"http:\/\/norbertkuner.com\/?page_id=270","url":"http:\/\/norbertkuner.com\/?page_id=270","name":"Plexr - Dr. Norbert Kuner","isPartOf":{"@id":"http:\/\/norbertkuner.com\/#website"},"primaryImageOfPage":{"@id":"http:\/\/norbertkuner.com\/?page_id=270#primaryimage"},"image":{"@id":"http:\/\/norbertkuner.com\/?page_id=270#primaryimage"},"thumbnailUrl":"http:\/\/norbertkuner.com\/wp-content\/uploads\/2020\/04\/20170429_160428-1024x714.png","datePublished":"2020-04-16T20:12:30+00:00","dateModified":"2023-10-08T19:40:30+00:00","breadcrumb":{"@id":"http:\/\/norbertkuner.com\/?page_id=270#breadcrumb"},"inLanguage":"de","potentialAction":[{"@type":"ReadAction","target":["http:\/\/norbertkuner.com\/?page_id=270"]}]},{"@type":"ImageObject","inLanguage":"de","@id":"http:\/\/norbertkuner.com\/?page_id=270#primaryimage","url":"http:\/\/norbertkuner.com\/wp-content\/uploads\/2020\/04\/20170429_160428.png","contentUrl":"http:\/\/norbertkuner.com\/wp-content\/uploads\/2020\/04\/20170429_160428.png","width":1267,"height":883},{"@type":"BreadcrumbList","@id":"http:\/\/norbertkuner.com\/?page_id=270#breadcrumb","itemListElement":[{"@type":"ListItem","position":1,"name":"Startseite","item":"http:\/\/norbertkuner.com\/"},{"@type":"ListItem","position":2,"name":"Plexr"}]},{"@type":"WebSite","@id":"http:\/\/norbertkuner.com\/#website","url":"http:\/\/norbertkuner.com\/","name":"Dr. Norbert Kuner","description":"Dermat\u00f3logo","publisher":{"@id":"http:\/\/norbertkuner.com\/#\/schema\/person\/6ff9f3842bc912ccd15b8a7afd6ce912"},"potentialAction":[{"@type":"SearchAction","target":{"@type":"EntryPoint","urlTemplate":"http:\/\/norbertkuner.com\/?s={search_term_string}"},"query-input":{"@type":"PropertyValueSpecification","valueRequired":true,"valueName":"search_term_string"}}],"inLanguage":"de"},{"@type":["Person","Organization"],"@id":"http:\/\/norbertkuner.com\/#\/schema\/person\/6ff9f3842bc912ccd15b8a7afd6ce912","name":"Norbert","image":{"@type":"ImageObject","inLanguage":"de","@id":"http:\/\/norbertkuner.com\/#\/schema\/person\/image\/","url":"http:\/\/norbertkuner.com\/wp-content\/uploads\/2020\/04\/cropped-logo1.png","contentUrl":"http:\/\/norbertkuner.com\/wp-content\/uploads\/2020\/04\/cropped-logo1.png","width":290,"height":79,"caption":"Norbert"},"logo":{"@id":"http:\/\/norbertkuner.com\/#\/schema\/person\/image\/"}}]}},"_links":{"self":[{"href":"http:\/\/norbertkuner.com\/index.php?rest_route=\/wp\/v2\/pages\/270","targetHints":{"allow":["GET"]}}],"collection":[{"href":"http:\/\/norbertkuner.com\/index.php?rest_route=\/wp\/v2\/pages"}],"about":[{"href":"http:\/\/norbertkuner.com\/index.php?rest_route=\/wp\/v2\/types\/page"}],"author":[{"embeddable":true,"href":"http:\/\/norbertkuner.com\/index.php?rest_route=\/wp\/v2\/users\/1"}],"replies":[{"embeddable":true,"href":"http:\/\/norbertkuner.com\/index.php?rest_route=%2Fwp%2Fv2%2Fcomments&post=270"}],"version-history":[{"count":3,"href":"http:\/\/norbertkuner.com\/index.php?rest_route=\/wp\/v2\/pages\/270\/revisions"}],"predecessor-version":[{"id":327,"href":"http:\/\/norbertkuner.com\/index.php?rest_route=\/wp\/v2\/pages\/270\/revisions\/327"}],"wp:attachment":[{"href":"http:\/\/norbertkuner.com\/index.php?rest_route=%2Fwp%2Fv2%2Fmedia&parent=270"}],"curies":[{"name":"wp","href":"https:\/\/api.w.org\/{rel}","templated":true}]}}