{"id":82,"date":"2020-04-12T18:14:07","date_gmt":"2020-04-12T18:14:07","guid":{"rendered":"http:\/\/norbertkuner.com\/?page_id=82"},"modified":"2020-04-14T21:20:56","modified_gmt":"2020-04-14T21:20:56","slug":"plexr","status":"publish","type":"page","link":"http:\/\/norbertkuner.com\/?page_id=82","title":{"rendered":"Plexr"},"content":{"rendered":"\t\t<div data-elementor-type=\"wp-page\" data-elementor-id=\"82\" class=\"elementor elementor-82\">\n\t\t\t\t\t\t<section class=\"elementor-section elementor-top-section elementor-element elementor-element-debab0b elementor-section-boxed elementor-section-height-default elementor-section-height-default\" data-id=\"debab0b\" data-element_type=\"section\">\n\t\t\t\t\t\t<div class=\"elementor-container elementor-column-gap-default\">\n\t\t\t\t\t<div class=\"elementor-column elementor-col-100 elementor-top-column elementor-element elementor-element-b88ec74\" data-id=\"b88ec74\" data-element_type=\"column\">\n\t\t\t<div class=\"elementor-widget-wrap elementor-element-populated\">\n\t\t\t\t\t\t<div class=\"elementor-element elementor-element-8ea461d elementor-widget elementor-widget-image\" data-id=\"8ea461d\" data-element_type=\"widget\" data-widget_type=\"image.default\">\n\t\t\t\t<div class=\"elementor-widget-container\">\n\t\t\t\t\t\t\t\t\t\t\t\t\t\t\t<img fetchpriority=\"high\" decoding=\"async\" width=\"1024\" height=\"714\" src=\"http:\/\/norbertkuner.com\/wp-content\/uploads\/2020\/04\/20170429_160428-1024x714.png\" class=\"attachment-large size-large wp-image-175\" alt=\"\" srcset=\"http:\/\/norbertkuner.com\/wp-content\/uploads\/2020\/04\/20170429_160428-1024x714.png 1024w, http:\/\/norbertkuner.com\/wp-content\/uploads\/2020\/04\/20170429_160428-300x209.png 300w, http:\/\/norbertkuner.com\/wp-content\/uploads\/2020\/04\/20170429_160428-768x535.png 768w, http:\/\/norbertkuner.com\/wp-content\/uploads\/2020\/04\/20170429_160428.png 1267w\" sizes=\"(max-width: 1024px) 100vw, 1024px\" \/>\t\t\t\t\t\t\t\t\t\t\t\t\t\t\t<\/div>\n\t\t\t\t<\/div>\n\t\t\t\t\t<\/div>\n\t\t<\/div>\n\t\t\t\t\t<\/div>\n\t\t<\/section>\n\t\t\t\t<section class=\"elementor-section elementor-top-section elementor-element elementor-element-804301e elementor-section-boxed elementor-section-height-default elementor-section-height-default\" data-id=\"804301e\" data-element_type=\"section\">\n\t\t\t\t\t\t<div class=\"elementor-container elementor-column-gap-default\">\n\t\t\t\t\t<div class=\"elementor-column elementor-col-100 elementor-top-column elementor-element elementor-element-0d8571c\" data-id=\"0d8571c\" data-element_type=\"column\">\n\t\t\t<div class=\"elementor-widget-wrap elementor-element-populated\">\n\t\t\t\t\t\t<div class=\"elementor-element elementor-element-0eb3290 elementor-widget elementor-widget-spacer\" data-id=\"0eb3290\" data-element_type=\"widget\" data-widget_type=\"spacer.default\">\n\t\t\t\t<div class=\"elementor-widget-container\">\n\t\t\t\t\t\t\t<div class=\"elementor-spacer\">\n\t\t\t<div class=\"elementor-spacer-inner\"><\/div>\n\t\t<\/div>\n\t\t\t\t\t\t<\/div>\n\t\t\t\t<\/div>\n\t\t\t\t\t<\/div>\n\t\t<\/div>\n\t\t\t\t\t<\/div>\n\t\t<\/section>\n\t\t\t\t<section class=\"elementor-section elementor-top-section elementor-element elementor-element-4a9f8e9 elementor-section-boxed elementor-section-height-default elementor-section-height-default\" data-id=\"4a9f8e9\" data-element_type=\"section\">\n\t\t\t\t\t\t<div class=\"elementor-container elementor-column-gap-default\">\n\t\t\t\t\t<div class=\"elementor-column elementor-col-100 elementor-top-column elementor-element elementor-element-4da8981\" data-id=\"4da8981\" data-element_type=\"column\">\n\t\t\t<div class=\"elementor-widget-wrap elementor-element-populated\">\n\t\t\t\t\t\t<div class=\"elementor-element elementor-element-33fcce6 elementor-widget elementor-widget-heading\" data-id=\"33fcce6\" data-element_type=\"widget\" data-widget_type=\"heading.default\">\n\t\t\t\t<div class=\"elementor-widget-container\">\n\t\t\t\t\t<h2 class=\"elementor-heading-title elementor-size-xl\">Plexr<\/h2>\t\t\t\t<\/div>\n\t\t\t\t<\/div>\n\t\t\t\t\t<\/div>\n\t\t<\/div>\n\t\t\t\t\t<\/div>\n\t\t<\/section>\n\t\t\t\t<section class=\"elementor-section elementor-top-section elementor-element elementor-element-1deb2d4 elementor-section-boxed elementor-section-height-default elementor-section-height-default\" data-id=\"1deb2d4\" data-element_type=\"section\">\n\t\t\t\t\t\t<div class=\"elementor-container elementor-column-gap-default\">\n\t\t\t\t\t<div class=\"elementor-column elementor-col-100 elementor-top-column elementor-element elementor-element-28c48e7\" data-id=\"28c48e7\" data-element_type=\"column\">\n\t\t\t<div class=\"elementor-widget-wrap elementor-element-populated\">\n\t\t\t\t\t\t<div class=\"elementor-element elementor-element-879ff76 elementor-widget elementor-widget-spacer\" data-id=\"879ff76\" data-element_type=\"widget\" data-widget_type=\"spacer.default\">\n\t\t\t\t<div class=\"elementor-widget-container\">\n\t\t\t\t\t\t\t<div class=\"elementor-spacer\">\n\t\t\t<div class=\"elementor-spacer-inner\"><\/div>\n\t\t<\/div>\n\t\t\t\t\t\t<\/div>\n\t\t\t\t<\/div>\n\t\t\t\t\t<\/div>\n\t\t<\/div>\n\t\t\t\t\t<\/div>\n\t\t<\/section>\n\t\t\t\t<section class=\"elementor-section elementor-top-section elementor-element elementor-element-d42be68 elementor-section-boxed elementor-section-height-default elementor-section-height-default\" data-id=\"d42be68\" data-element_type=\"section\">\n\t\t\t\t\t\t<div class=\"elementor-container elementor-column-gap-default\">\n\t\t\t\t\t<div class=\"elementor-column elementor-col-100 elementor-top-column elementor-element elementor-element-2fb561c\" data-id=\"2fb561c\" data-element_type=\"column\">\n\t\t\t<div class=\"elementor-widget-wrap elementor-element-populated\">\n\t\t\t\t\t\t<div class=\"elementor-element elementor-element-beb9548 elementor-widget elementor-widget-heading\" data-id=\"beb9548\" data-element_type=\"widget\" data-widget_type=\"heading.default\">\n\t\t\t\t<div class=\"elementor-widget-container\">\n\t\t\t\t\t<h2 class=\"elementor-heading-title elementor-size-default\">PlexR , die Plasmalanze<\/h2>\t\t\t\t<\/div>\n\t\t\t\t<\/div>\n\t\t\t\t\t<\/div>\n\t\t<\/div>\n\t\t\t\t\t<\/div>\n\t\t<\/section>\n\t\t\t\t<section class=\"elementor-section elementor-top-section elementor-element elementor-element-cdd9216 elementor-section-boxed elementor-section-height-default elementor-section-height-default\" data-id=\"cdd9216\" data-element_type=\"section\">\n\t\t\t\t\t\t<div class=\"elementor-container elementor-column-gap-default\">\n\t\t\t\t\t<div class=\"elementor-column elementor-col-100 elementor-top-column elementor-element elementor-element-b493ac9\" data-id=\"b493ac9\" data-element_type=\"column\">\n\t\t\t<div class=\"elementor-widget-wrap elementor-element-populated\">\n\t\t\t\t\t\t<div class=\"elementor-element elementor-element-0cc62ee elementor-widget elementor-widget-text-editor\" data-id=\"0cc62ee\" data-element_type=\"widget\" data-widget_type=\"text-editor.default\">\n\t\t\t\t<div class=\"elementor-widget-container\">\n\t\t\t\t\t\t\t\t\t<p style=\"mso-outline-level: 2; vertical-align: baseline;\">Das Prinzip der PlexR\u00a0Technik basiert auf der Aufladung der Luft gleich wie die Entladung eines Blitzes. Dadurch gelingt die \u00a0Abtragung \u00e4u\u00dferer Hautschichten ohne chirurgische Eingriffe und zur\u00fcckbleibende Spuren. Das erzeugte Plasma wirkt wie ein Skalpell ohne Schneide und ohne blutige Wunden, die durch die spezielle Energiedichte jedoch nicht in tiefe Hautschichten eindringt und keine Narben hinterl\u00e4sst. Gleichzeitig f\u00fchrt die Behandlung zu einer starken Straffung des Bindegewebes. Deshalb eignet sich dieses Verfahren unter anderem zur Straffung der Augenlider ohne Operation! \u00a0<\/p><p style=\"vertical-align: baseline;\">Das innovative Verfahren l\u00e4sst sich vielseitig anwenden. So k\u00f6nnen viele unsch\u00f6ne Hautver\u00e4nderungen einfach und effektiv aus den oberen Hautschichten abgetragen werden, wie Pigmentflecken auf dem Handr\u00fccken oder Alterswarzen. Aber auch die Verj\u00fcngung des Gesichts ist m\u00f6glich. So reichen die Anwendungsgebiete der Plasmalanze von der Straffung von Mimikf\u00e4ltchen und Kr\u00e4henf\u00fc\u00dfen bis zur Behandlung von Akne, Narben und Pigmentflecken. Auch f\u00fcr die narbenfreie Abtragung von gutartigen Hauttumoren und st\u00f6renden Fibromen ist \u00a0dieses moderne Verfahren besonders geeignet<\/p>\t\t\t\t\t\t\t\t<\/div>\n\t\t\t\t<\/div>\n\t\t\t\t\t<\/div>\n\t\t<\/div>\n\t\t\t\t\t<\/div>\n\t\t<\/section>\n\t\t\t\t<\/div>\n\t\t","protected":false},"excerpt":{"rendered":"<p>Plexr PlexR , die Plasmalanze Das Prinzip der PlexR\u00a0Technik basiert auf der Aufladung der Luft gleich wie die Entladung eines Blitzes. Dadurch gelingt die \u00a0Abtragung \u00e4u\u00dferer Hautschichten ohne chirurgische Eingriffe und zur\u00fcckbleibende Spuren. Das erzeugte Plasma wirkt wie ein Skalpell ohne Schneide und ohne blutige Wunden, die durch die spezielle Energiedichte jedoch nicht in tiefe [&hellip;]<\/p>\n","protected":false},"author":1,"featured_media":0,"parent":0,"menu_order":0,"comment_status":"closed","ping_status":"closed","template":"","meta":{"ocean_post_layout":"","ocean_both_sidebars_style":"","ocean_both_sidebars_content_width":0,"ocean_both_sidebars_sidebars_width":0,"ocean_sidebar":"0","ocean_second_sidebar":"0","ocean_disable_margins":"enable","ocean_add_body_class":"","ocean_shortcode_before_top_bar":"","ocean_shortcode_after_top_bar":"","ocean_shortcode_before_header":"","ocean_shortcode_after_header":"","ocean_has_shortcode":"","ocean_shortcode_after_title":"","ocean_shortcode_before_footer_widgets":"","ocean_shortcode_after_footer_widgets":"","ocean_shortcode_before_footer_bottom":"","ocean_shortcode_after_footer_bottom":"","ocean_display_top_bar":"default","ocean_display_header":"default","ocean_header_style":"","ocean_center_header_left_menu":"0","ocean_custom_header_template":"0","ocean_custom_logo":0,"ocean_custom_retina_logo":0,"ocean_custom_logo_max_width":0,"ocean_custom_logo_tablet_max_width":0,"ocean_custom_logo_mobile_max_width":0,"ocean_custom_logo_max_height":0,"ocean_custom_logo_tablet_max_height":0,"ocean_custom_logo_mobile_max_height":0,"ocean_header_custom_menu":"0","ocean_menu_typo_font_family":"0","ocean_menu_typo_font_subset":"","ocean_menu_typo_font_size":0,"ocean_menu_typo_font_size_tablet":0,"ocean_menu_typo_font_size_mobile":0,"ocean_menu_typo_font_size_unit":"px","ocean_menu_typo_font_weight":"","ocean_menu_typo_font_weight_tablet":"","ocean_menu_typo_font_weight_mobile":"","ocean_menu_typo_transform":"","ocean_menu_typo_transform_tablet":"","ocean_menu_typo_transform_mobile":"","ocean_menu_typo_line_height":0,"ocean_menu_typo_line_height_tablet":0,"ocean_menu_typo_line_height_mobile":0,"ocean_menu_typo_line_height_unit":"","ocean_menu_typo_spacing":0,"ocean_menu_typo_spacing_tablet":0,"ocean_menu_typo_spacing_mobile":0,"ocean_menu_typo_spacing_unit":"","ocean_menu_link_color":"","ocean_menu_link_color_hover":"","ocean_menu_link_color_active":"","ocean_menu_link_background":"","ocean_menu_link_hover_background":"","ocean_menu_link_active_background":"","ocean_menu_social_links_bg":"","ocean_menu_social_hover_links_bg":"","ocean_menu_social_links_color":"","ocean_menu_social_hover_links_color":"","ocean_disable_title":"default","ocean_disable_heading":"default","ocean_post_title":"","ocean_post_subheading":"","ocean_post_title_style":"","ocean_post_title_background_color":"","ocean_post_title_background":0,"ocean_post_title_bg_image_position":"","ocean_post_title_bg_image_attachment":"","ocean_post_title_bg_image_repeat":"","ocean_post_title_bg_image_size":"","ocean_post_title_height":0,"ocean_post_title_bg_overlay":0.5,"ocean_post_title_bg_overlay_color":"","ocean_disable_breadcrumbs":"default","ocean_breadcrumbs_color":"","ocean_breadcrumbs_separator_color":"","ocean_breadcrumbs_links_color":"","ocean_breadcrumbs_links_hover_color":"","ocean_display_footer_widgets":"default","ocean_display_footer_bottom":"default","ocean_custom_footer_template":"0","footnotes":""},"class_list":["post-82","page","type-page","status-publish","hentry","entry"],"yoast_head":"<!-- This site is optimized with the Yoast SEO plugin v24.3 - https:\/\/yoast.com\/wordpress\/plugins\/seo\/ -->\n<title>Plexr - Dr. Norbert Kuner<\/title>\n<meta name=\"robots\" content=\"index, follow, max-snippet:-1, max-image-preview:large, max-video-preview:-1\" \/>\n<link rel=\"canonical\" href=\"http:\/\/norbertkuner.com\/?page_id=82\" \/>\n<meta property=\"og:locale\" content=\"de_DE\" \/>\n<meta property=\"og:type\" content=\"article\" \/>\n<meta property=\"og:title\" content=\"Plexr - Dr. Norbert Kuner\" \/>\n<meta property=\"og:description\" content=\"Plexr PlexR , die Plasmalanze Das Prinzip der PlexR\u00a0Technik basiert auf der Aufladung der Luft gleich wie die Entladung eines Blitzes. Dadurch gelingt die \u00a0Abtragung \u00e4u\u00dferer Hautschichten ohne chirurgische Eingriffe und zur\u00fcckbleibende Spuren. Das erzeugte Plasma wirkt wie ein Skalpell ohne Schneide und ohne blutige Wunden, die durch die spezielle Energiedichte jedoch nicht in tiefe [&hellip;]\" \/>\n<meta property=\"og:url\" content=\"http:\/\/norbertkuner.com\/?page_id=82\" \/>\n<meta property=\"og:site_name\" content=\"Dr. Norbert Kuner\" \/>\n<meta property=\"article:modified_time\" content=\"2020-04-14T21:20:56+00:00\" \/>\n<meta property=\"og:image\" content=\"http:\/\/norbertkuner.com\/wp-content\/uploads\/2020\/04\/20170429_160428.png\" \/>\n\t<meta property=\"og:image:width\" content=\"1267\" \/>\n\t<meta property=\"og:image:height\" content=\"883\" \/>\n\t<meta property=\"og:image:type\" content=\"image\/png\" \/>\n<meta name=\"twitter:card\" content=\"summary_large_image\" \/>\n<meta name=\"twitter:label1\" content=\"Gesch\u00e4tzte Lesezeit\" \/>\n\t<meta name=\"twitter:data1\" content=\"1\u00a0Minute\" \/>\n<script type=\"application\/ld+json\" class=\"yoast-schema-graph\">{\"@context\":\"https:\/\/schema.org\",\"@graph\":[{\"@type\":\"WebPage\",\"@id\":\"http:\/\/norbertkuner.com\/?page_id=82\",\"url\":\"http:\/\/norbertkuner.com\/?page_id=82\",\"name\":\"Plexr - Dr. Norbert Kuner\",\"isPartOf\":{\"@id\":\"http:\/\/norbertkuner.com\/#website\"},\"primaryImageOfPage\":{\"@id\":\"http:\/\/norbertkuner.com\/?page_id=82#primaryimage\"},\"image\":{\"@id\":\"http:\/\/norbertkuner.com\/?page_id=82#primaryimage\"},\"thumbnailUrl\":\"http:\/\/norbertkuner.com\/wp-content\/uploads\/2020\/04\/20170429_160428-1024x714.png\",\"datePublished\":\"2020-04-12T18:14:07+00:00\",\"dateModified\":\"2020-04-14T21:20:56+00:00\",\"breadcrumb\":{\"@id\":\"http:\/\/norbertkuner.com\/?page_id=82#breadcrumb\"},\"inLanguage\":\"de\",\"potentialAction\":[{\"@type\":\"ReadAction\",\"target\":[\"http:\/\/norbertkuner.com\/?page_id=82\"]}]},{\"@type\":\"ImageObject\",\"inLanguage\":\"de\",\"@id\":\"http:\/\/norbertkuner.com\/?page_id=82#primaryimage\",\"url\":\"http:\/\/norbertkuner.com\/wp-content\/uploads\/2020\/04\/20170429_160428.png\",\"contentUrl\":\"http:\/\/norbertkuner.com\/wp-content\/uploads\/2020\/04\/20170429_160428.png\",\"width\":1267,\"height\":883},{\"@type\":\"BreadcrumbList\",\"@id\":\"http:\/\/norbertkuner.com\/?page_id=82#breadcrumb\",\"itemListElement\":[{\"@type\":\"ListItem\",\"position\":1,\"name\":\"Startseite\",\"item\":\"http:\/\/norbertkuner.com\/\"},{\"@type\":\"ListItem\",\"position\":2,\"name\":\"Plexr\"}]},{\"@type\":\"WebSite\",\"@id\":\"http:\/\/norbertkuner.com\/#website\",\"url\":\"http:\/\/norbertkuner.com\/\",\"name\":\"Dr. Norbert Kuner\",\"description\":\"Dermat\u00f3logo\",\"publisher\":{\"@id\":\"http:\/\/norbertkuner.com\/#\/schema\/person\/6ff9f3842bc912ccd15b8a7afd6ce912\"},\"potentialAction\":[{\"@type\":\"SearchAction\",\"target\":{\"@type\":\"EntryPoint\",\"urlTemplate\":\"http:\/\/norbertkuner.com\/?s={search_term_string}\"},\"query-input\":{\"@type\":\"PropertyValueSpecification\",\"valueRequired\":true,\"valueName\":\"search_term_string\"}}],\"inLanguage\":\"de\"},{\"@type\":[\"Person\",\"Organization\"],\"@id\":\"http:\/\/norbertkuner.com\/#\/schema\/person\/6ff9f3842bc912ccd15b8a7afd6ce912\",\"name\":\"Norbert\",\"image\":{\"@type\":\"ImageObject\",\"inLanguage\":\"de\",\"@id\":\"http:\/\/norbertkuner.com\/#\/schema\/person\/image\/\",\"url\":\"http:\/\/norbertkuner.com\/wp-content\/uploads\/2020\/04\/cropped-logo1.png\",\"contentUrl\":\"http:\/\/norbertkuner.com\/wp-content\/uploads\/2020\/04\/cropped-logo1.png\",\"width\":290,\"height\":79,\"caption\":\"Norbert\"},\"logo\":{\"@id\":\"http:\/\/norbertkuner.com\/#\/schema\/person\/image\/\"}}]}<\/script>\n<!-- \/ Yoast SEO plugin. -->","yoast_head_json":{"title":"Plexr - Dr. Norbert Kuner","robots":{"index":"index","follow":"follow","max-snippet":"max-snippet:-1","max-image-preview":"max-image-preview:large","max-video-preview":"max-video-preview:-1"},"canonical":"http:\/\/norbertkuner.com\/?page_id=82","og_locale":"de_DE","og_type":"article","og_title":"Plexr - Dr. Norbert Kuner","og_description":"Plexr PlexR , die Plasmalanze Das Prinzip der PlexR\u00a0Technik basiert auf der Aufladung der Luft gleich wie die Entladung eines Blitzes. Dadurch gelingt die \u00a0Abtragung \u00e4u\u00dferer Hautschichten ohne chirurgische Eingriffe und zur\u00fcckbleibende Spuren. Das erzeugte Plasma wirkt wie ein Skalpell ohne Schneide und ohne blutige Wunden, die durch die spezielle Energiedichte jedoch nicht in tiefe [&hellip;]","og_url":"http:\/\/norbertkuner.com\/?page_id=82","og_site_name":"Dr. Norbert Kuner","article_modified_time":"2020-04-14T21:20:56+00:00","og_image":[{"width":1267,"height":883,"url":"http:\/\/norbertkuner.com\/wp-content\/uploads\/2020\/04\/20170429_160428.png","type":"image\/png"}],"twitter_card":"summary_large_image","twitter_misc":{"Gesch\u00e4tzte Lesezeit":"1\u00a0Minute"},"schema":{"@context":"https:\/\/schema.org","@graph":[{"@type":"WebPage","@id":"http:\/\/norbertkuner.com\/?page_id=82","url":"http:\/\/norbertkuner.com\/?page_id=82","name":"Plexr - Dr. Norbert Kuner","isPartOf":{"@id":"http:\/\/norbertkuner.com\/#website"},"primaryImageOfPage":{"@id":"http:\/\/norbertkuner.com\/?page_id=82#primaryimage"},"image":{"@id":"http:\/\/norbertkuner.com\/?page_id=82#primaryimage"},"thumbnailUrl":"http:\/\/norbertkuner.com\/wp-content\/uploads\/2020\/04\/20170429_160428-1024x714.png","datePublished":"2020-04-12T18:14:07+00:00","dateModified":"2020-04-14T21:20:56+00:00","breadcrumb":{"@id":"http:\/\/norbertkuner.com\/?page_id=82#breadcrumb"},"inLanguage":"de","potentialAction":[{"@type":"ReadAction","target":["http:\/\/norbertkuner.com\/?page_id=82"]}]},{"@type":"ImageObject","inLanguage":"de","@id":"http:\/\/norbertkuner.com\/?page_id=82#primaryimage","url":"http:\/\/norbertkuner.com\/wp-content\/uploads\/2020\/04\/20170429_160428.png","contentUrl":"http:\/\/norbertkuner.com\/wp-content\/uploads\/2020\/04\/20170429_160428.png","width":1267,"height":883},{"@type":"BreadcrumbList","@id":"http:\/\/norbertkuner.com\/?page_id=82#breadcrumb","itemListElement":[{"@type":"ListItem","position":1,"name":"Startseite","item":"http:\/\/norbertkuner.com\/"},{"@type":"ListItem","position":2,"name":"Plexr"}]},{"@type":"WebSite","@id":"http:\/\/norbertkuner.com\/#website","url":"http:\/\/norbertkuner.com\/","name":"Dr. Norbert Kuner","description":"Dermat\u00f3logo","publisher":{"@id":"http:\/\/norbertkuner.com\/#\/schema\/person\/6ff9f3842bc912ccd15b8a7afd6ce912"},"potentialAction":[{"@type":"SearchAction","target":{"@type":"EntryPoint","urlTemplate":"http:\/\/norbertkuner.com\/?s={search_term_string}"},"query-input":{"@type":"PropertyValueSpecification","valueRequired":true,"valueName":"search_term_string"}}],"inLanguage":"de"},{"@type":["Person","Organization"],"@id":"http:\/\/norbertkuner.com\/#\/schema\/person\/6ff9f3842bc912ccd15b8a7afd6ce912","name":"Norbert","image":{"@type":"ImageObject","inLanguage":"de","@id":"http:\/\/norbertkuner.com\/#\/schema\/person\/image\/","url":"http:\/\/norbertkuner.com\/wp-content\/uploads\/2020\/04\/cropped-logo1.png","contentUrl":"http:\/\/norbertkuner.com\/wp-content\/uploads\/2020\/04\/cropped-logo1.png","width":290,"height":79,"caption":"Norbert"},"logo":{"@id":"http:\/\/norbertkuner.com\/#\/schema\/person\/image\/"}}]}},"_links":{"self":[{"href":"http:\/\/norbertkuner.com\/index.php?rest_route=\/wp\/v2\/pages\/82","targetHints":{"allow":["GET"]}}],"collection":[{"href":"http:\/\/norbertkuner.com\/index.php?rest_route=\/wp\/v2\/pages"}],"about":[{"href":"http:\/\/norbertkuner.com\/index.php?rest_route=\/wp\/v2\/types\/page"}],"author":[{"embeddable":true,"href":"http:\/\/norbertkuner.com\/index.php?rest_route=\/wp\/v2\/users\/1"}],"replies":[{"embeddable":true,"href":"http:\/\/norbertkuner.com\/index.php?rest_route=%2Fwp%2Fv2%2Fcomments&post=82"}],"version-history":[{"count":3,"href":"http:\/\/norbertkuner.com\/index.php?rest_route=\/wp\/v2\/pages\/82\/revisions"}],"predecessor-version":[{"id":177,"href":"http:\/\/norbertkuner.com\/index.php?rest_route=\/wp\/v2\/pages\/82\/revisions\/177"}],"wp:attachment":[{"href":"http:\/\/norbertkuner.com\/index.php?rest_route=%2Fwp%2Fv2%2Fmedia&parent=82"}],"curies":[{"name":"wp","href":"https:\/\/api.w.org\/{rel}","templated":true}]}}