{"id":88,"date":"2020-04-12T18:15:49","date_gmt":"2020-04-12T18:15:49","guid":{"rendered":"http:\/\/norbertkuner.com\/?page_id=88"},"modified":"2020-04-14T21:08:41","modified_gmt":"2020-04-14T21:08:41","slug":"phlebologie-venen","status":"publish","type":"page","link":"http:\/\/norbertkuner.com\/?page_id=88","title":{"rendered":"Phlebologie\/Venen"},"content":{"rendered":"\t\t<div data-elementor-type=\"wp-page\" data-elementor-id=\"88\" class=\"elementor elementor-88\">\n\t\t\t\t\t\t<section class=\"elementor-section elementor-top-section elementor-element elementor-element-84a0c12 elementor-section-boxed elementor-section-height-default elementor-section-height-default\" data-id=\"84a0c12\" data-element_type=\"section\">\n\t\t\t\t\t\t<div class=\"elementor-container elementor-column-gap-default\">\n\t\t\t\t\t<div class=\"elementor-column elementor-col-100 elementor-top-column elementor-element elementor-element-33881ca\" data-id=\"33881ca\" data-element_type=\"column\">\n\t\t\t<div class=\"elementor-widget-wrap elementor-element-populated\">\n\t\t\t\t\t\t<div class=\"elementor-element elementor-element-c2a716e elementor-widget elementor-widget-image\" data-id=\"c2a716e\" data-element_type=\"widget\" data-widget_type=\"image.default\">\n\t\t\t\t<div class=\"elementor-widget-container\">\n\t\t\t\t\t\t\t\t\t\t\t\t\t\t\t<img fetchpriority=\"high\" decoding=\"async\" width=\"1024\" height=\"740\" src=\"http:\/\/norbertkuner.com\/wp-content\/uploads\/2020\/04\/20170428_194415-1024x740.jpg\" class=\"attachment-large size-large wp-image-169\" alt=\"\" srcset=\"http:\/\/norbertkuner.com\/wp-content\/uploads\/2020\/04\/20170428_194415-1024x740.jpg 1024w, http:\/\/norbertkuner.com\/wp-content\/uploads\/2020\/04\/20170428_194415-300x217.jpg 300w, http:\/\/norbertkuner.com\/wp-content\/uploads\/2020\/04\/20170428_194415-768x555.jpg 768w, http:\/\/norbertkuner.com\/wp-content\/uploads\/2020\/04\/20170428_194415-1536x1110.jpg 1536w, http:\/\/norbertkuner.com\/wp-content\/uploads\/2020\/04\/20170428_194415.jpg 1829w\" sizes=\"(max-width: 1024px) 100vw, 1024px\" \/>\t\t\t\t\t\t\t\t\t\t\t\t\t\t\t<\/div>\n\t\t\t\t<\/div>\n\t\t\t\t\t<\/div>\n\t\t<\/div>\n\t\t\t\t\t<\/div>\n\t\t<\/section>\n\t\t\t\t<section class=\"elementor-section elementor-top-section elementor-element elementor-element-26b423b elementor-section-boxed elementor-section-height-default elementor-section-height-default\" data-id=\"26b423b\" data-element_type=\"section\">\n\t\t\t\t\t\t<div class=\"elementor-container elementor-column-gap-default\">\n\t\t\t\t\t<div class=\"elementor-column elementor-col-100 elementor-top-column elementor-element elementor-element-5231e94\" data-id=\"5231e94\" data-element_type=\"column\">\n\t\t\t<div class=\"elementor-widget-wrap elementor-element-populated\">\n\t\t\t\t\t\t<div class=\"elementor-element elementor-element-8b2653f elementor-widget elementor-widget-spacer\" data-id=\"8b2653f\" data-element_type=\"widget\" data-widget_type=\"spacer.default\">\n\t\t\t\t<div class=\"elementor-widget-container\">\n\t\t\t\t\t\t\t<div class=\"elementor-spacer\">\n\t\t\t<div class=\"elementor-spacer-inner\"><\/div>\n\t\t<\/div>\n\t\t\t\t\t\t<\/div>\n\t\t\t\t<\/div>\n\t\t\t\t\t<\/div>\n\t\t<\/div>\n\t\t\t\t\t<\/div>\n\t\t<\/section>\n\t\t\t\t<section class=\"elementor-section elementor-top-section elementor-element elementor-element-d88e846 elementor-section-boxed elementor-section-height-default elementor-section-height-default\" data-id=\"d88e846\" data-element_type=\"section\">\n\t\t\t\t\t\t<div class=\"elementor-container elementor-column-gap-default\">\n\t\t\t\t\t<div class=\"elementor-column elementor-col-100 elementor-top-column elementor-element elementor-element-2b8618d\" data-id=\"2b8618d\" data-element_type=\"column\">\n\t\t\t<div class=\"elementor-widget-wrap elementor-element-populated\">\n\t\t\t\t\t\t<div class=\"elementor-element elementor-element-d4ee204 elementor-widget elementor-widget-heading\" data-id=\"d4ee204\" data-element_type=\"widget\" data-widget_type=\"heading.default\">\n\t\t\t\t<div class=\"elementor-widget-container\">\n\t\t\t\t\t<h2 class=\"elementor-heading-title elementor-size-xl\">Phlebologie\/Venen<\/h2>\t\t\t\t<\/div>\n\t\t\t\t<\/div>\n\t\t\t\t\t<\/div>\n\t\t<\/div>\n\t\t\t\t\t<\/div>\n\t\t<\/section>\n\t\t\t\t<section class=\"elementor-section elementor-top-section elementor-element elementor-element-5ad2690 elementor-section-boxed elementor-section-height-default elementor-section-height-default\" data-id=\"5ad2690\" data-element_type=\"section\">\n\t\t\t\t\t\t<div class=\"elementor-container elementor-column-gap-default\">\n\t\t\t\t\t<div class=\"elementor-column elementor-col-100 elementor-top-column elementor-element elementor-element-e423866\" data-id=\"e423866\" data-element_type=\"column\">\n\t\t\t<div class=\"elementor-widget-wrap elementor-element-populated\">\n\t\t\t\t\t\t<div class=\"elementor-element elementor-element-c756a0f elementor-widget elementor-widget-spacer\" data-id=\"c756a0f\" data-element_type=\"widget\" data-widget_type=\"spacer.default\">\n\t\t\t\t<div class=\"elementor-widget-container\">\n\t\t\t\t\t\t\t<div class=\"elementor-spacer\">\n\t\t\t<div class=\"elementor-spacer-inner\"><\/div>\n\t\t<\/div>\n\t\t\t\t\t\t<\/div>\n\t\t\t\t<\/div>\n\t\t\t\t\t<\/div>\n\t\t<\/div>\n\t\t\t\t\t<\/div>\n\t\t<\/section>\n\t\t\t\t<section class=\"elementor-section elementor-top-section elementor-element elementor-element-80c1234 elementor-section-boxed elementor-section-height-default elementor-section-height-default\" data-id=\"80c1234\" data-element_type=\"section\">\n\t\t\t\t\t\t<div class=\"elementor-container elementor-column-gap-default\">\n\t\t\t\t\t<div class=\"elementor-column elementor-col-100 elementor-top-column elementor-element elementor-element-e1f1174\" data-id=\"e1f1174\" data-element_type=\"column\">\n\t\t\t<div class=\"elementor-widget-wrap elementor-element-populated\">\n\t\t\t\t\t\t<div class=\"elementor-element elementor-element-989deff elementor-widget elementor-widget-text-editor\" data-id=\"989deff\" data-element_type=\"widget\" data-widget_type=\"text-editor.default\">\n\t\t\t\t<div class=\"elementor-widget-container\">\n\t\t\t\t\t\t\t\t\t<p style=\"font-weight: 400;\"><span>Die Behandlung von Venenleiden ist ein wichtiger Beitrag zur Lebensqualit\u00e4t unsrer Patienten. Eine chronisch ven\u00f6se Insuffizienz (bekannt als \u201eKrampfadern\u201c) stellt nicht nur ein kosmetisches Problem dar, sie f\u00fchrt im Verlauf unter Umst\u00e4nden auch zu Schweren Folgeerkrankungen wie dem chronischen Lymph\u00f6dem, der Thrombophlebitis oder der tiefen Beinvenenthrombose, dem Stauungsekzem des Unterschenkels oder aber dem Ulcus cruris venosum, dem \u201eoffenen Bein\u201c.<\/span><\/p><p style=\"font-weight: 400;\"><span>Mit den uns zur Verf\u00fcgung stehenden Untersuchungsmethoden wie Doppler- und Duplex-Sonografie und entsprechenden Blutuntersuchungen bieten wir in unserer Praxis eine umfassende Diagnostik der problematischen\u00a0<span>Venenver\u00e4nderungen.<\/span><\/span><\/p><p style=\"font-weight: 400;\"><span>Au\u00dfer den bekannten Therapien der chronisch ven\u00f6sen Insuffizienz<\/span>\u00a0<span>wie z.B. Kompressionstherapie und Lymphdrainage sowie spezielle Wundbehandlung bieten wir ihnen folgende\u00a0<\/span><span>Therpieoptionen:<\/span><\/p><p style=\"font-weight: 400;\"><span>Schaumsklerosierung:<\/span><\/p><p style=\"font-weight: 400;\"><span>Hierbei werden vor allem gr\u00f6ssere Venen mit einem speziellen Verfahren punktiert und mit einem Sklerosierungsschaum ver\u00f6det.<\/span>\u00a0<span>Der Eingriff erfolgt ambulant und dauert ca. 20-30 Minuten. Je nach<\/span>\u00a0<span>Auspr\u00e4gung der Varizen sind mehrere Sitzungen notwendig.<\/span><\/p><p style=\"font-weight: 400;\"><span>Mikrosklerosierung:<\/span>\u00a0<\/p><p style=\"font-weight: 400;\"><span>Kleinste, kosmetisch st\u00f6rende Venen, die sog. \u201eBesenreiser&#8220; werden<\/span>\u00a0<span>mit feinsten Nadeln anpunktiert und ver\u00f6det.Dieses<\/span>\u00a0<span>Therpieverfahren wird ebenfalls ambulant durchgef\u00fchrt und f\u00fchrt bei<\/span>\u00a0<span>richtiger Anwendungen zu sehr befriedigenden \u00e4sthetischen<\/span>\u00a0<span>Ergebnissen.<\/span><\/p>\t\t\t\t\t\t\t\t<\/div>\n\t\t\t\t<\/div>\n\t\t\t\t\t<\/div>\n\t\t<\/div>\n\t\t\t\t\t<\/div>\n\t\t<\/section>\n\t\t\t\t<\/div>\n\t\t","protected":false},"excerpt":{"rendered":"<p>Phlebologie\/Venen Die Behandlung von Venenleiden ist ein wichtiger Beitrag zur Lebensqualit\u00e4t unsrer Patienten. Eine chronisch ven\u00f6se Insuffizienz (bekannt als \u201eKrampfadern\u201c) stellt nicht nur ein kosmetisches Problem dar, sie f\u00fchrt im Verlauf unter Umst\u00e4nden auch zu Schweren Folgeerkrankungen wie dem chronischen Lymph\u00f6dem, der Thrombophlebitis oder der tiefen Beinvenenthrombose, dem Stauungsekzem des Unterschenkels oder aber dem Ulcus [&hellip;]<\/p>\n","protected":false},"author":1,"featured_media":0,"parent":0,"menu_order":0,"comment_status":"closed","ping_status":"closed","template":"","meta":{"ocean_post_layout":"","ocean_both_sidebars_style":"","ocean_both_sidebars_content_width":0,"ocean_both_sidebars_sidebars_width":0,"ocean_sidebar":"0","ocean_second_sidebar":"0","ocean_disable_margins":"enable","ocean_add_body_class":"","ocean_shortcode_before_top_bar":"","ocean_shortcode_after_top_bar":"","ocean_shortcode_before_header":"","ocean_shortcode_after_header":"","ocean_has_shortcode":"","ocean_shortcode_after_title":"","ocean_shortcode_before_footer_widgets":"","ocean_shortcode_after_footer_widgets":"","ocean_shortcode_before_footer_bottom":"","ocean_shortcode_after_footer_bottom":"","ocean_display_top_bar":"default","ocean_display_header":"default","ocean_header_style":"","ocean_center_header_left_menu":"0","ocean_custom_header_template":"0","ocean_custom_logo":0,"ocean_custom_retina_logo":0,"ocean_custom_logo_max_width":0,"ocean_custom_logo_tablet_max_width":0,"ocean_custom_logo_mobile_max_width":0,"ocean_custom_logo_max_height":0,"ocean_custom_logo_tablet_max_height":0,"ocean_custom_logo_mobile_max_height":0,"ocean_header_custom_menu":"0","ocean_menu_typo_font_family":"0","ocean_menu_typo_font_subset":"","ocean_menu_typo_font_size":0,"ocean_menu_typo_font_size_tablet":0,"ocean_menu_typo_font_size_mobile":0,"ocean_menu_typo_font_size_unit":"px","ocean_menu_typo_font_weight":"","ocean_menu_typo_font_weight_tablet":"","ocean_menu_typo_font_weight_mobile":"","ocean_menu_typo_transform":"","ocean_menu_typo_transform_tablet":"","ocean_menu_typo_transform_mobile":"","ocean_menu_typo_line_height":0,"ocean_menu_typo_line_height_tablet":0,"ocean_menu_typo_line_height_mobile":0,"ocean_menu_typo_line_height_unit":"","ocean_menu_typo_spacing":0,"ocean_menu_typo_spacing_tablet":0,"ocean_menu_typo_spacing_mobile":0,"ocean_menu_typo_spacing_unit":"","ocean_menu_link_color":"","ocean_menu_link_color_hover":"","ocean_menu_link_color_active":"","ocean_menu_link_background":"","ocean_menu_link_hover_background":"","ocean_menu_link_active_background":"","ocean_menu_social_links_bg":"","ocean_menu_social_hover_links_bg":"","ocean_menu_social_links_color":"","ocean_menu_social_hover_links_color":"","ocean_disable_title":"default","ocean_disable_heading":"default","ocean_post_title":"","ocean_post_subheading":"","ocean_post_title_style":"","ocean_post_title_background_color":"","ocean_post_title_background":0,"ocean_post_title_bg_image_position":"","ocean_post_title_bg_image_attachment":"","ocean_post_title_bg_image_repeat":"","ocean_post_title_bg_image_size":"","ocean_post_title_height":0,"ocean_post_title_bg_overlay":0.5,"ocean_post_title_bg_overlay_color":"","ocean_disable_breadcrumbs":"default","ocean_breadcrumbs_color":"","ocean_breadcrumbs_separator_color":"","ocean_breadcrumbs_links_color":"","ocean_breadcrumbs_links_hover_color":"","ocean_display_footer_widgets":"default","ocean_display_footer_bottom":"default","ocean_custom_footer_template":"0","footnotes":""},"class_list":["post-88","page","type-page","status-publish","hentry","entry"],"yoast_head":"<!-- This site is optimized with the Yoast SEO plugin v24.3 - https:\/\/yoast.com\/wordpress\/plugins\/seo\/ -->\n<title>Phlebologie\/Venen - Dr. Norbert Kuner<\/title>\n<meta name=\"robots\" content=\"index, follow, max-snippet:-1, max-image-preview:large, max-video-preview:-1\" \/>\n<link rel=\"canonical\" href=\"http:\/\/norbertkuner.com\/?page_id=88\" \/>\n<meta property=\"og:locale\" content=\"de_DE\" \/>\n<meta property=\"og:type\" content=\"article\" \/>\n<meta property=\"og:title\" content=\"Phlebologie\/Venen - Dr. Norbert Kuner\" \/>\n<meta property=\"og:description\" content=\"Phlebologie\/Venen Die Behandlung von Venenleiden ist ein wichtiger Beitrag zur Lebensqualit\u00e4t unsrer Patienten. Eine chronisch ven\u00f6se Insuffizienz (bekannt als \u201eKrampfadern\u201c) stellt nicht nur ein kosmetisches Problem dar, sie f\u00fchrt im Verlauf unter Umst\u00e4nden auch zu Schweren Folgeerkrankungen wie dem chronischen Lymph\u00f6dem, der Thrombophlebitis oder der tiefen Beinvenenthrombose, dem Stauungsekzem des Unterschenkels oder aber dem Ulcus [&hellip;]\" \/>\n<meta property=\"og:url\" content=\"http:\/\/norbertkuner.com\/?page_id=88\" \/>\n<meta property=\"og:site_name\" content=\"Dr. Norbert Kuner\" \/>\n<meta property=\"article:modified_time\" content=\"2020-04-14T21:08:41+00:00\" \/>\n<meta property=\"og:image\" content=\"http:\/\/norbertkuner.com\/wp-content\/uploads\/2020\/04\/20170428_194415.jpg\" \/>\n\t<meta property=\"og:image:width\" content=\"1829\" \/>\n\t<meta property=\"og:image:height\" content=\"1322\" \/>\n\t<meta property=\"og:image:type\" content=\"image\/jpeg\" \/>\n<meta name=\"twitter:card\" content=\"summary_large_image\" \/>\n<meta name=\"twitter:label1\" content=\"Gesch\u00e4tzte Lesezeit\" \/>\n\t<meta name=\"twitter:data1\" content=\"1\u00a0Minute\" \/>\n<script type=\"application\/ld+json\" class=\"yoast-schema-graph\">{\"@context\":\"https:\/\/schema.org\",\"@graph\":[{\"@type\":\"WebPage\",\"@id\":\"http:\/\/norbertkuner.com\/?page_id=88\",\"url\":\"http:\/\/norbertkuner.com\/?page_id=88\",\"name\":\"Phlebologie\/Venen - Dr. Norbert Kuner\",\"isPartOf\":{\"@id\":\"http:\/\/norbertkuner.com\/#website\"},\"primaryImageOfPage\":{\"@id\":\"http:\/\/norbertkuner.com\/?page_id=88#primaryimage\"},\"image\":{\"@id\":\"http:\/\/norbertkuner.com\/?page_id=88#primaryimage\"},\"thumbnailUrl\":\"http:\/\/norbertkuner.com\/wp-content\/uploads\/2020\/04\/20170428_194415-1024x740.jpg\",\"datePublished\":\"2020-04-12T18:15:49+00:00\",\"dateModified\":\"2020-04-14T21:08:41+00:00\",\"breadcrumb\":{\"@id\":\"http:\/\/norbertkuner.com\/?page_id=88#breadcrumb\"},\"inLanguage\":\"de\",\"potentialAction\":[{\"@type\":\"ReadAction\",\"target\":[\"http:\/\/norbertkuner.com\/?page_id=88\"]}]},{\"@type\":\"ImageObject\",\"inLanguage\":\"de\",\"@id\":\"http:\/\/norbertkuner.com\/?page_id=88#primaryimage\",\"url\":\"http:\/\/norbertkuner.com\/wp-content\/uploads\/2020\/04\/20170428_194415.jpg\",\"contentUrl\":\"http:\/\/norbertkuner.com\/wp-content\/uploads\/2020\/04\/20170428_194415.jpg\",\"width\":1829,\"height\":1322},{\"@type\":\"BreadcrumbList\",\"@id\":\"http:\/\/norbertkuner.com\/?page_id=88#breadcrumb\",\"itemListElement\":[{\"@type\":\"ListItem\",\"position\":1,\"name\":\"Startseite\",\"item\":\"http:\/\/norbertkuner.com\/\"},{\"@type\":\"ListItem\",\"position\":2,\"name\":\"Phlebologie\/Venen\"}]},{\"@type\":\"WebSite\",\"@id\":\"http:\/\/norbertkuner.com\/#website\",\"url\":\"http:\/\/norbertkuner.com\/\",\"name\":\"Dr. Norbert Kuner\",\"description\":\"Dermat\u00f3logo\",\"publisher\":{\"@id\":\"http:\/\/norbertkuner.com\/#\/schema\/person\/6ff9f3842bc912ccd15b8a7afd6ce912\"},\"potentialAction\":[{\"@type\":\"SearchAction\",\"target\":{\"@type\":\"EntryPoint\",\"urlTemplate\":\"http:\/\/norbertkuner.com\/?s={search_term_string}\"},\"query-input\":{\"@type\":\"PropertyValueSpecification\",\"valueRequired\":true,\"valueName\":\"search_term_string\"}}],\"inLanguage\":\"de\"},{\"@type\":[\"Person\",\"Organization\"],\"@id\":\"http:\/\/norbertkuner.com\/#\/schema\/person\/6ff9f3842bc912ccd15b8a7afd6ce912\",\"name\":\"Norbert\",\"image\":{\"@type\":\"ImageObject\",\"inLanguage\":\"de\",\"@id\":\"http:\/\/norbertkuner.com\/#\/schema\/person\/image\/\",\"url\":\"http:\/\/norbertkuner.com\/wp-content\/uploads\/2020\/04\/cropped-logo1.png\",\"contentUrl\":\"http:\/\/norbertkuner.com\/wp-content\/uploads\/2020\/04\/cropped-logo1.png\",\"width\":290,\"height\":79,\"caption\":\"Norbert\"},\"logo\":{\"@id\":\"http:\/\/norbertkuner.com\/#\/schema\/person\/image\/\"}}]}<\/script>\n<!-- \/ Yoast SEO plugin. -->","yoast_head_json":{"title":"Phlebologie\/Venen - Dr. Norbert Kuner","robots":{"index":"index","follow":"follow","max-snippet":"max-snippet:-1","max-image-preview":"max-image-preview:large","max-video-preview":"max-video-preview:-1"},"canonical":"http:\/\/norbertkuner.com\/?page_id=88","og_locale":"de_DE","og_type":"article","og_title":"Phlebologie\/Venen - Dr. Norbert Kuner","og_description":"Phlebologie\/Venen Die Behandlung von Venenleiden ist ein wichtiger Beitrag zur Lebensqualit\u00e4t unsrer Patienten. Eine chronisch ven\u00f6se Insuffizienz (bekannt als \u201eKrampfadern\u201c) stellt nicht nur ein kosmetisches Problem dar, sie f\u00fchrt im Verlauf unter Umst\u00e4nden auch zu Schweren Folgeerkrankungen wie dem chronischen Lymph\u00f6dem, der Thrombophlebitis oder der tiefen Beinvenenthrombose, dem Stauungsekzem des Unterschenkels oder aber dem Ulcus [&hellip;]","og_url":"http:\/\/norbertkuner.com\/?page_id=88","og_site_name":"Dr. Norbert Kuner","article_modified_time":"2020-04-14T21:08:41+00:00","og_image":[{"width":1829,"height":1322,"url":"http:\/\/norbertkuner.com\/wp-content\/uploads\/2020\/04\/20170428_194415.jpg","type":"image\/jpeg"}],"twitter_card":"summary_large_image","twitter_misc":{"Gesch\u00e4tzte Lesezeit":"1\u00a0Minute"},"schema":{"@context":"https:\/\/schema.org","@graph":[{"@type":"WebPage","@id":"http:\/\/norbertkuner.com\/?page_id=88","url":"http:\/\/norbertkuner.com\/?page_id=88","name":"Phlebologie\/Venen - Dr. Norbert Kuner","isPartOf":{"@id":"http:\/\/norbertkuner.com\/#website"},"primaryImageOfPage":{"@id":"http:\/\/norbertkuner.com\/?page_id=88#primaryimage"},"image":{"@id":"http:\/\/norbertkuner.com\/?page_id=88#primaryimage"},"thumbnailUrl":"http:\/\/norbertkuner.com\/wp-content\/uploads\/2020\/04\/20170428_194415-1024x740.jpg","datePublished":"2020-04-12T18:15:49+00:00","dateModified":"2020-04-14T21:08:41+00:00","breadcrumb":{"@id":"http:\/\/norbertkuner.com\/?page_id=88#breadcrumb"},"inLanguage":"de","potentialAction":[{"@type":"ReadAction","target":["http:\/\/norbertkuner.com\/?page_id=88"]}]},{"@type":"ImageObject","inLanguage":"de","@id":"http:\/\/norbertkuner.com\/?page_id=88#primaryimage","url":"http:\/\/norbertkuner.com\/wp-content\/uploads\/2020\/04\/20170428_194415.jpg","contentUrl":"http:\/\/norbertkuner.com\/wp-content\/uploads\/2020\/04\/20170428_194415.jpg","width":1829,"height":1322},{"@type":"BreadcrumbList","@id":"http:\/\/norbertkuner.com\/?page_id=88#breadcrumb","itemListElement":[{"@type":"ListItem","position":1,"name":"Startseite","item":"http:\/\/norbertkuner.com\/"},{"@type":"ListItem","position":2,"name":"Phlebologie\/Venen"}]},{"@type":"WebSite","@id":"http:\/\/norbertkuner.com\/#website","url":"http:\/\/norbertkuner.com\/","name":"Dr. Norbert Kuner","description":"Dermat\u00f3logo","publisher":{"@id":"http:\/\/norbertkuner.com\/#\/schema\/person\/6ff9f3842bc912ccd15b8a7afd6ce912"},"potentialAction":[{"@type":"SearchAction","target":{"@type":"EntryPoint","urlTemplate":"http:\/\/norbertkuner.com\/?s={search_term_string}"},"query-input":{"@type":"PropertyValueSpecification","valueRequired":true,"valueName":"search_term_string"}}],"inLanguage":"de"},{"@type":["Person","Organization"],"@id":"http:\/\/norbertkuner.com\/#\/schema\/person\/6ff9f3842bc912ccd15b8a7afd6ce912","name":"Norbert","image":{"@type":"ImageObject","inLanguage":"de","@id":"http:\/\/norbertkuner.com\/#\/schema\/person\/image\/","url":"http:\/\/norbertkuner.com\/wp-content\/uploads\/2020\/04\/cropped-logo1.png","contentUrl":"http:\/\/norbertkuner.com\/wp-content\/uploads\/2020\/04\/cropped-logo1.png","width":290,"height":79,"caption":"Norbert"},"logo":{"@id":"http:\/\/norbertkuner.com\/#\/schema\/person\/image\/"}}]}},"_links":{"self":[{"href":"http:\/\/norbertkuner.com\/index.php?rest_route=\/wp\/v2\/pages\/88","targetHints":{"allow":["GET"]}}],"collection":[{"href":"http:\/\/norbertkuner.com\/index.php?rest_route=\/wp\/v2\/pages"}],"about":[{"href":"http:\/\/norbertkuner.com\/index.php?rest_route=\/wp\/v2\/types\/page"}],"author":[{"embeddable":true,"href":"http:\/\/norbertkuner.com\/index.php?rest_route=\/wp\/v2\/users\/1"}],"replies":[{"embeddable":true,"href":"http:\/\/norbertkuner.com\/index.php?rest_route=%2Fwp%2Fv2%2Fcomments&post=88"}],"version-history":[{"count":2,"href":"http:\/\/norbertkuner.com\/index.php?rest_route=\/wp\/v2\/pages\/88\/revisions"}],"predecessor-version":[{"id":171,"href":"http:\/\/norbertkuner.com\/index.php?rest_route=\/wp\/v2\/pages\/88\/revisions\/171"}],"wp:attachment":[{"href":"http:\/\/norbertkuner.com\/index.php?rest_route=%2Fwp%2Fv2%2Fmedia&parent=88"}],"curies":[{"name":"wp","href":"https:\/\/api.w.org\/{rel}","templated":true}]}}