{"id":91,"date":"2020-04-12T18:17:05","date_gmt":"2020-04-12T18:17:05","guid":{"rendered":"http:\/\/norbertkuner.com\/?page_id=91"},"modified":"2020-04-14T21:13:31","modified_gmt":"2020-04-14T21:13:31","slug":"photodynamische-therapie","status":"publish","type":"page","link":"http:\/\/norbertkuner.com\/?page_id=91","title":{"rendered":"Photodynamische Therapie"},"content":{"rendered":"\t\t<div data-elementor-type=\"wp-page\" data-elementor-id=\"91\" class=\"elementor elementor-91\">\n\t\t\t\t\t\t<section class=\"elementor-section elementor-top-section elementor-element elementor-element-00937b6 elementor-section-boxed elementor-section-height-default elementor-section-height-default\" data-id=\"00937b6\" data-element_type=\"section\">\n\t\t\t\t\t\t<div class=\"elementor-container elementor-column-gap-default\">\n\t\t\t\t\t<div class=\"elementor-column elementor-col-100 elementor-top-column elementor-element elementor-element-2a82ac8\" data-id=\"2a82ac8\" data-element_type=\"column\">\n\t\t\t<div class=\"elementor-widget-wrap elementor-element-populated\">\n\t\t\t\t\t\t<div class=\"elementor-element elementor-element-505d58f elementor-widget elementor-widget-image\" data-id=\"505d58f\" data-element_type=\"widget\" data-widget_type=\"image.default\">\n\t\t\t\t<div class=\"elementor-widget-container\">\n\t\t\t\t\t\t\t\t\t\t\t\t\t\t\t<img fetchpriority=\"high\" decoding=\"async\" width=\"1024\" height=\"988\" src=\"http:\/\/norbertkuner.com\/wp-content\/uploads\/2020\/04\/Screenshot_20170429-221101-1024x988.jpg\" class=\"attachment-large size-large wp-image-172\" alt=\"\" srcset=\"http:\/\/norbertkuner.com\/wp-content\/uploads\/2020\/04\/Screenshot_20170429-221101-1024x988.jpg 1024w, http:\/\/norbertkuner.com\/wp-content\/uploads\/2020\/04\/Screenshot_20170429-221101-300x289.jpg 300w, http:\/\/norbertkuner.com\/wp-content\/uploads\/2020\/04\/Screenshot_20170429-221101-768x741.jpg 768w, http:\/\/norbertkuner.com\/wp-content\/uploads\/2020\/04\/Screenshot_20170429-221101.jpg 1104w\" sizes=\"(max-width: 1024px) 100vw, 1024px\" \/>\t\t\t\t\t\t\t\t\t\t\t\t\t\t\t<\/div>\n\t\t\t\t<\/div>\n\t\t\t\t\t<\/div>\n\t\t<\/div>\n\t\t\t\t\t<\/div>\n\t\t<\/section>\n\t\t\t\t<section class=\"elementor-section elementor-top-section elementor-element elementor-element-5904ab1 elementor-section-boxed elementor-section-height-default elementor-section-height-default\" data-id=\"5904ab1\" data-element_type=\"section\">\n\t\t\t\t\t\t<div class=\"elementor-container elementor-column-gap-default\">\n\t\t\t\t\t<div class=\"elementor-column elementor-col-100 elementor-top-column elementor-element elementor-element-3243149\" data-id=\"3243149\" data-element_type=\"column\">\n\t\t\t<div class=\"elementor-widget-wrap elementor-element-populated\">\n\t\t\t\t\t\t<div class=\"elementor-element elementor-element-c1a6c15 elementor-widget elementor-widget-spacer\" data-id=\"c1a6c15\" data-element_type=\"widget\" data-widget_type=\"spacer.default\">\n\t\t\t\t<div class=\"elementor-widget-container\">\n\t\t\t\t\t\t\t<div class=\"elementor-spacer\">\n\t\t\t<div class=\"elementor-spacer-inner\"><\/div>\n\t\t<\/div>\n\t\t\t\t\t\t<\/div>\n\t\t\t\t<\/div>\n\t\t\t\t\t<\/div>\n\t\t<\/div>\n\t\t\t\t\t<\/div>\n\t\t<\/section>\n\t\t\t\t<section class=\"elementor-section elementor-top-section elementor-element elementor-element-bdc9509 elementor-section-boxed elementor-section-height-default elementor-section-height-default\" data-id=\"bdc9509\" data-element_type=\"section\">\n\t\t\t\t\t\t<div class=\"elementor-container elementor-column-gap-default\">\n\t\t\t\t\t<div class=\"elementor-column elementor-col-100 elementor-top-column elementor-element elementor-element-4c63466\" data-id=\"4c63466\" data-element_type=\"column\">\n\t\t\t<div class=\"elementor-widget-wrap elementor-element-populated\">\n\t\t\t\t\t\t<div class=\"elementor-element elementor-element-56e69d4 elementor-widget elementor-widget-heading\" data-id=\"56e69d4\" data-element_type=\"widget\" data-widget_type=\"heading.default\">\n\t\t\t\t<div class=\"elementor-widget-container\">\n\t\t\t\t\t<h2 class=\"elementor-heading-title elementor-size-large\">Photodynamische Therapie<\/h2>\t\t\t\t<\/div>\n\t\t\t\t<\/div>\n\t\t\t\t\t<\/div>\n\t\t<\/div>\n\t\t\t\t\t<\/div>\n\t\t<\/section>\n\t\t\t\t<section class=\"elementor-section elementor-top-section elementor-element elementor-element-aa38416 elementor-section-boxed elementor-section-height-default elementor-section-height-default\" data-id=\"aa38416\" data-element_type=\"section\">\n\t\t\t\t\t\t<div class=\"elementor-container elementor-column-gap-default\">\n\t\t\t\t\t<div class=\"elementor-column elementor-col-100 elementor-top-column elementor-element elementor-element-ae4594a\" data-id=\"ae4594a\" data-element_type=\"column\">\n\t\t\t<div class=\"elementor-widget-wrap elementor-element-populated\">\n\t\t\t\t\t\t<div class=\"elementor-element elementor-element-6b9db0d elementor-widget elementor-widget-spacer\" data-id=\"6b9db0d\" data-element_type=\"widget\" data-widget_type=\"spacer.default\">\n\t\t\t\t<div class=\"elementor-widget-container\">\n\t\t\t\t\t\t\t<div class=\"elementor-spacer\">\n\t\t\t<div class=\"elementor-spacer-inner\"><\/div>\n\t\t<\/div>\n\t\t\t\t\t\t<\/div>\n\t\t\t\t<\/div>\n\t\t\t\t\t<\/div>\n\t\t<\/div>\n\t\t\t\t\t<\/div>\n\t\t<\/section>\n\t\t\t\t<section class=\"elementor-section elementor-top-section elementor-element elementor-element-e892425 elementor-section-boxed elementor-section-height-default elementor-section-height-default\" data-id=\"e892425\" data-element_type=\"section\">\n\t\t\t\t\t\t<div class=\"elementor-container elementor-column-gap-default\">\n\t\t\t\t\t<div class=\"elementor-column elementor-col-100 elementor-top-column elementor-element elementor-element-c3e3968\" data-id=\"c3e3968\" data-element_type=\"column\">\n\t\t\t<div class=\"elementor-widget-wrap elementor-element-populated\">\n\t\t\t\t\t\t<div class=\"elementor-element elementor-element-37ac063 elementor-widget elementor-widget-text-editor\" data-id=\"37ac063\" data-element_type=\"widget\" data-widget_type=\"text-editor.default\">\n\t\t\t\t<div class=\"elementor-widget-container\">\n\t\t\t\t\t\t\t\t\t<p style=\"font-weight: 400;\"><span>Bei der Photodynamischen Therapie handelt es sich um ein modernes Therapieverfahren, das in den letzten Jahren viele Behandlungsmethoden in der Dermatologie revolutioniert hat. Hierbei wird eine lichtsensibilisierende Substanz auf den K\u00f6rper autgetragen, ehe mit sichtbarem Licht bestrahlt wird. Das hei\u00dft, auf die<\/span>\u00a0<span>erkrankten Stellen wird ein im menschlichen K\u00f6rper vorkommender<\/span>\u00a0<span>Baustein des roten Blutfarbstoffes (5-Aminol\u00e4vulinsa\u00fcre) in Form<\/span>\u00a0<span>einer Salbe aufgetragen. Dieser reichert sich bevorzugt in den<\/span>\u00a0<span>erkrankten Hautzellen an. Durch die sp\u00e4tere Bestrahlung der Haut<\/span>\u00a0<span>findet eine Energie\u00fcbertragung auf die gesch\u00e4digten Hautzellen<\/span>\u00a0<span>statt, die dann ausschliesslich die erkrankten Zellen zerst\u00f6rt.<\/span><\/p><p style=\"font-weight: 400;\"><span>Dieses Verfahren ist dadurch sehr<\/span>\u00a0<span>schonend und effektiv, da somit letzt<\/span><span>endlich nur erkrankte Haut\u00a0<span>behandelt wird. Hiermit k\u00f6nnen Tumore der Haut behandelt werden,<\/span>\u00a0<span>die sonst nur durch einen operativen Eingriff geheilt werden k\u00f6nnen.<\/span>\u00a0<span>W\u00e4hrend der Bestrahlung tritt gew\u00f6hnlich<\/span>\u00a0<span>eine sonnenbrand\u00e4hnliche Empfindung auf. Andere Nebenwirkungen<\/span>\u00a0<span>sind W\u00e4rmegef\u00fchl, R\u00f6tung, Schwellung und sehr selten<\/span>\u00a0Verkrustungen.<\/span><\/p><p style=\"font-weight: 400;\"><span>Die Photodynamische Therapie wird eingesetzt bei folgenden<\/span>\u00a0<span>Erkrankungen:<\/span><\/p><p style=\"font-weight: 400;\"><span>&#8211; Hautkrebs (Aktinische Keratosen, Plattenepithelkarzinome,<\/span><\/p><p style=\"font-weight: 400;\"><span>&#8211; Akne<\/span><\/p><p style=\"font-weight: 400;\"><span>&#8211; Warzen<\/span><\/p><p style=\"font-weight: 400;\"><span>&#8211; Zur Faltenbehandlung und Hautverj\u00fcngung (Skin resurfacing)<\/span><\/p>\t\t\t\t\t\t\t\t<\/div>\n\t\t\t\t<\/div>\n\t\t\t\t\t<\/div>\n\t\t<\/div>\n\t\t\t\t\t<\/div>\n\t\t<\/section>\n\t\t\t\t<\/div>\n\t\t","protected":false},"excerpt":{"rendered":"<p>Photodynamische Therapie Bei der Photodynamischen Therapie handelt es sich um ein modernes Therapieverfahren, das in den letzten Jahren viele Behandlungsmethoden in der Dermatologie revolutioniert hat. Hierbei wird eine lichtsensibilisierende Substanz auf den K\u00f6rper autgetragen, ehe mit sichtbarem Licht bestrahlt wird. Das hei\u00dft, auf die\u00a0erkrankten Stellen wird ein im menschlichen K\u00f6rper vorkommender\u00a0Baustein des roten Blutfarbstoffes (5-Aminol\u00e4vulinsa\u00fcre) [&hellip;]<\/p>\n","protected":false},"author":1,"featured_media":0,"parent":0,"menu_order":0,"comment_status":"closed","ping_status":"closed","template":"","meta":{"ocean_post_layout":"","ocean_both_sidebars_style":"","ocean_both_sidebars_content_width":0,"ocean_both_sidebars_sidebars_width":0,"ocean_sidebar":"0","ocean_second_sidebar":"0","ocean_disable_margins":"enable","ocean_add_body_class":"","ocean_shortcode_before_top_bar":"","ocean_shortcode_after_top_bar":"","ocean_shortcode_before_header":"","ocean_shortcode_after_header":"","ocean_has_shortcode":"","ocean_shortcode_after_title":"","ocean_shortcode_before_footer_widgets":"","ocean_shortcode_after_footer_widgets":"","ocean_shortcode_before_footer_bottom":"","ocean_shortcode_after_footer_bottom":"","ocean_display_top_bar":"default","ocean_display_header":"default","ocean_header_style":"","ocean_center_header_left_menu":"0","ocean_custom_header_template":"0","ocean_custom_logo":0,"ocean_custom_retina_logo":0,"ocean_custom_logo_max_width":0,"ocean_custom_logo_tablet_max_width":0,"ocean_custom_logo_mobile_max_width":0,"ocean_custom_logo_max_height":0,"ocean_custom_logo_tablet_max_height":0,"ocean_custom_logo_mobile_max_height":0,"ocean_header_custom_menu":"0","ocean_menu_typo_font_family":"0","ocean_menu_typo_font_subset":"","ocean_menu_typo_font_size":0,"ocean_menu_typo_font_size_tablet":0,"ocean_menu_typo_font_size_mobile":0,"ocean_menu_typo_font_size_unit":"px","ocean_menu_typo_font_weight":"","ocean_menu_typo_font_weight_tablet":"","ocean_menu_typo_font_weight_mobile":"","ocean_menu_typo_transform":"","ocean_menu_typo_transform_tablet":"","ocean_menu_typo_transform_mobile":"","ocean_menu_typo_line_height":0,"ocean_menu_typo_line_height_tablet":0,"ocean_menu_typo_line_height_mobile":0,"ocean_menu_typo_line_height_unit":"","ocean_menu_typo_spacing":0,"ocean_menu_typo_spacing_tablet":0,"ocean_menu_typo_spacing_mobile":0,"ocean_menu_typo_spacing_unit":"","ocean_menu_link_color":"","ocean_menu_link_color_hover":"","ocean_menu_link_color_active":"","ocean_menu_link_background":"","ocean_menu_link_hover_background":"","ocean_menu_link_active_background":"","ocean_menu_social_links_bg":"","ocean_menu_social_hover_links_bg":"","ocean_menu_social_links_color":"","ocean_menu_social_hover_links_color":"","ocean_disable_title":"default","ocean_disable_heading":"default","ocean_post_title":"","ocean_post_subheading":"","ocean_post_title_style":"","ocean_post_title_background_color":"","ocean_post_title_background":0,"ocean_post_title_bg_image_position":"","ocean_post_title_bg_image_attachment":"","ocean_post_title_bg_image_repeat":"","ocean_post_title_bg_image_size":"","ocean_post_title_height":0,"ocean_post_title_bg_overlay":0.5,"ocean_post_title_bg_overlay_color":"","ocean_disable_breadcrumbs":"default","ocean_breadcrumbs_color":"","ocean_breadcrumbs_separator_color":"","ocean_breadcrumbs_links_color":"","ocean_breadcrumbs_links_hover_color":"","ocean_display_footer_widgets":"default","ocean_display_footer_bottom":"default","ocean_custom_footer_template":"0","footnotes":""},"class_list":["post-91","page","type-page","status-publish","hentry","entry"],"yoast_head":"<!-- This site is optimized with the Yoast SEO plugin v24.3 - https:\/\/yoast.com\/wordpress\/plugins\/seo\/ -->\n<title>Photodynamische Therapie - Dr. Norbert Kuner<\/title>\n<meta name=\"robots\" content=\"index, follow, max-snippet:-1, max-image-preview:large, max-video-preview:-1\" \/>\n<link rel=\"canonical\" href=\"http:\/\/norbertkuner.com\/?page_id=91\" \/>\n<meta property=\"og:locale\" content=\"de_DE\" \/>\n<meta property=\"og:type\" content=\"article\" \/>\n<meta property=\"og:title\" content=\"Photodynamische Therapie - Dr. Norbert Kuner\" \/>\n<meta property=\"og:description\" content=\"Photodynamische Therapie Bei der Photodynamischen Therapie handelt es sich um ein modernes Therapieverfahren, das in den letzten Jahren viele Behandlungsmethoden in der Dermatologie revolutioniert hat. Hierbei wird eine lichtsensibilisierende Substanz auf den K\u00f6rper autgetragen, ehe mit sichtbarem Licht bestrahlt wird. Das hei\u00dft, auf die\u00a0erkrankten Stellen wird ein im menschlichen K\u00f6rper vorkommender\u00a0Baustein des roten Blutfarbstoffes (5-Aminol\u00e4vulinsa\u00fcre) [&hellip;]\" \/>\n<meta property=\"og:url\" content=\"http:\/\/norbertkuner.com\/?page_id=91\" \/>\n<meta property=\"og:site_name\" content=\"Dr. Norbert Kuner\" \/>\n<meta property=\"article:modified_time\" content=\"2020-04-14T21:13:31+00:00\" \/>\n<meta property=\"og:image\" content=\"http:\/\/norbertkuner.com\/wp-content\/uploads\/2020\/04\/Screenshot_20170429-221101.jpg\" \/>\n\t<meta property=\"og:image:width\" content=\"1104\" \/>\n\t<meta property=\"og:image:height\" content=\"1065\" \/>\n\t<meta property=\"og:image:type\" content=\"image\/jpeg\" \/>\n<meta name=\"twitter:card\" content=\"summary_large_image\" \/>\n<meta name=\"twitter:label1\" content=\"Gesch\u00e4tzte Lesezeit\" \/>\n\t<meta name=\"twitter:data1\" content=\"1\u00a0Minute\" \/>\n<script type=\"application\/ld+json\" class=\"yoast-schema-graph\">{\"@context\":\"https:\/\/schema.org\",\"@graph\":[{\"@type\":\"WebPage\",\"@id\":\"http:\/\/norbertkuner.com\/?page_id=91\",\"url\":\"http:\/\/norbertkuner.com\/?page_id=91\",\"name\":\"Photodynamische Therapie - Dr. Norbert Kuner\",\"isPartOf\":{\"@id\":\"http:\/\/norbertkuner.com\/#website\"},\"primaryImageOfPage\":{\"@id\":\"http:\/\/norbertkuner.com\/?page_id=91#primaryimage\"},\"image\":{\"@id\":\"http:\/\/norbertkuner.com\/?page_id=91#primaryimage\"},\"thumbnailUrl\":\"http:\/\/norbertkuner.com\/wp-content\/uploads\/2020\/04\/Screenshot_20170429-221101-1024x988.jpg\",\"datePublished\":\"2020-04-12T18:17:05+00:00\",\"dateModified\":\"2020-04-14T21:13:31+00:00\",\"breadcrumb\":{\"@id\":\"http:\/\/norbertkuner.com\/?page_id=91#breadcrumb\"},\"inLanguage\":\"de\",\"potentialAction\":[{\"@type\":\"ReadAction\",\"target\":[\"http:\/\/norbertkuner.com\/?page_id=91\"]}]},{\"@type\":\"ImageObject\",\"inLanguage\":\"de\",\"@id\":\"http:\/\/norbertkuner.com\/?page_id=91#primaryimage\",\"url\":\"http:\/\/norbertkuner.com\/wp-content\/uploads\/2020\/04\/Screenshot_20170429-221101.jpg\",\"contentUrl\":\"http:\/\/norbertkuner.com\/wp-content\/uploads\/2020\/04\/Screenshot_20170429-221101.jpg\",\"width\":1104,\"height\":1065},{\"@type\":\"BreadcrumbList\",\"@id\":\"http:\/\/norbertkuner.com\/?page_id=91#breadcrumb\",\"itemListElement\":[{\"@type\":\"ListItem\",\"position\":1,\"name\":\"Startseite\",\"item\":\"http:\/\/norbertkuner.com\/\"},{\"@type\":\"ListItem\",\"position\":2,\"name\":\"Photodynamische Therapie\"}]},{\"@type\":\"WebSite\",\"@id\":\"http:\/\/norbertkuner.com\/#website\",\"url\":\"http:\/\/norbertkuner.com\/\",\"name\":\"Dr. Norbert Kuner\",\"description\":\"Dermat\u00f3logo\",\"publisher\":{\"@id\":\"http:\/\/norbertkuner.com\/#\/schema\/person\/6ff9f3842bc912ccd15b8a7afd6ce912\"},\"potentialAction\":[{\"@type\":\"SearchAction\",\"target\":{\"@type\":\"EntryPoint\",\"urlTemplate\":\"http:\/\/norbertkuner.com\/?s={search_term_string}\"},\"query-input\":{\"@type\":\"PropertyValueSpecification\",\"valueRequired\":true,\"valueName\":\"search_term_string\"}}],\"inLanguage\":\"de\"},{\"@type\":[\"Person\",\"Organization\"],\"@id\":\"http:\/\/norbertkuner.com\/#\/schema\/person\/6ff9f3842bc912ccd15b8a7afd6ce912\",\"name\":\"Norbert\",\"image\":{\"@type\":\"ImageObject\",\"inLanguage\":\"de\",\"@id\":\"http:\/\/norbertkuner.com\/#\/schema\/person\/image\/\",\"url\":\"http:\/\/norbertkuner.com\/wp-content\/uploads\/2020\/04\/cropped-logo1.png\",\"contentUrl\":\"http:\/\/norbertkuner.com\/wp-content\/uploads\/2020\/04\/cropped-logo1.png\",\"width\":290,\"height\":79,\"caption\":\"Norbert\"},\"logo\":{\"@id\":\"http:\/\/norbertkuner.com\/#\/schema\/person\/image\/\"}}]}<\/script>\n<!-- \/ Yoast SEO plugin. -->","yoast_head_json":{"title":"Photodynamische Therapie - Dr. Norbert Kuner","robots":{"index":"index","follow":"follow","max-snippet":"max-snippet:-1","max-image-preview":"max-image-preview:large","max-video-preview":"max-video-preview:-1"},"canonical":"http:\/\/norbertkuner.com\/?page_id=91","og_locale":"de_DE","og_type":"article","og_title":"Photodynamische Therapie - Dr. Norbert Kuner","og_description":"Photodynamische Therapie Bei der Photodynamischen Therapie handelt es sich um ein modernes Therapieverfahren, das in den letzten Jahren viele Behandlungsmethoden in der Dermatologie revolutioniert hat. Hierbei wird eine lichtsensibilisierende Substanz auf den K\u00f6rper autgetragen, ehe mit sichtbarem Licht bestrahlt wird. Das hei\u00dft, auf die\u00a0erkrankten Stellen wird ein im menschlichen K\u00f6rper vorkommender\u00a0Baustein des roten Blutfarbstoffes (5-Aminol\u00e4vulinsa\u00fcre) [&hellip;]","og_url":"http:\/\/norbertkuner.com\/?page_id=91","og_site_name":"Dr. Norbert Kuner","article_modified_time":"2020-04-14T21:13:31+00:00","og_image":[{"width":1104,"height":1065,"url":"http:\/\/norbertkuner.com\/wp-content\/uploads\/2020\/04\/Screenshot_20170429-221101.jpg","type":"image\/jpeg"}],"twitter_card":"summary_large_image","twitter_misc":{"Gesch\u00e4tzte Lesezeit":"1\u00a0Minute"},"schema":{"@context":"https:\/\/schema.org","@graph":[{"@type":"WebPage","@id":"http:\/\/norbertkuner.com\/?page_id=91","url":"http:\/\/norbertkuner.com\/?page_id=91","name":"Photodynamische Therapie - Dr. Norbert Kuner","isPartOf":{"@id":"http:\/\/norbertkuner.com\/#website"},"primaryImageOfPage":{"@id":"http:\/\/norbertkuner.com\/?page_id=91#primaryimage"},"image":{"@id":"http:\/\/norbertkuner.com\/?page_id=91#primaryimage"},"thumbnailUrl":"http:\/\/norbertkuner.com\/wp-content\/uploads\/2020\/04\/Screenshot_20170429-221101-1024x988.jpg","datePublished":"2020-04-12T18:17:05+00:00","dateModified":"2020-04-14T21:13:31+00:00","breadcrumb":{"@id":"http:\/\/norbertkuner.com\/?page_id=91#breadcrumb"},"inLanguage":"de","potentialAction":[{"@type":"ReadAction","target":["http:\/\/norbertkuner.com\/?page_id=91"]}]},{"@type":"ImageObject","inLanguage":"de","@id":"http:\/\/norbertkuner.com\/?page_id=91#primaryimage","url":"http:\/\/norbertkuner.com\/wp-content\/uploads\/2020\/04\/Screenshot_20170429-221101.jpg","contentUrl":"http:\/\/norbertkuner.com\/wp-content\/uploads\/2020\/04\/Screenshot_20170429-221101.jpg","width":1104,"height":1065},{"@type":"BreadcrumbList","@id":"http:\/\/norbertkuner.com\/?page_id=91#breadcrumb","itemListElement":[{"@type":"ListItem","position":1,"name":"Startseite","item":"http:\/\/norbertkuner.com\/"},{"@type":"ListItem","position":2,"name":"Photodynamische Therapie"}]},{"@type":"WebSite","@id":"http:\/\/norbertkuner.com\/#website","url":"http:\/\/norbertkuner.com\/","name":"Dr. Norbert Kuner","description":"Dermat\u00f3logo","publisher":{"@id":"http:\/\/norbertkuner.com\/#\/schema\/person\/6ff9f3842bc912ccd15b8a7afd6ce912"},"potentialAction":[{"@type":"SearchAction","target":{"@type":"EntryPoint","urlTemplate":"http:\/\/norbertkuner.com\/?s={search_term_string}"},"query-input":{"@type":"PropertyValueSpecification","valueRequired":true,"valueName":"search_term_string"}}],"inLanguage":"de"},{"@type":["Person","Organization"],"@id":"http:\/\/norbertkuner.com\/#\/schema\/person\/6ff9f3842bc912ccd15b8a7afd6ce912","name":"Norbert","image":{"@type":"ImageObject","inLanguage":"de","@id":"http:\/\/norbertkuner.com\/#\/schema\/person\/image\/","url":"http:\/\/norbertkuner.com\/wp-content\/uploads\/2020\/04\/cropped-logo1.png","contentUrl":"http:\/\/norbertkuner.com\/wp-content\/uploads\/2020\/04\/cropped-logo1.png","width":290,"height":79,"caption":"Norbert"},"logo":{"@id":"http:\/\/norbertkuner.com\/#\/schema\/person\/image\/"}}]}},"_links":{"self":[{"href":"http:\/\/norbertkuner.com\/index.php?rest_route=\/wp\/v2\/pages\/91","targetHints":{"allow":["GET"]}}],"collection":[{"href":"http:\/\/norbertkuner.com\/index.php?rest_route=\/wp\/v2\/pages"}],"about":[{"href":"http:\/\/norbertkuner.com\/index.php?rest_route=\/wp\/v2\/types\/page"}],"author":[{"embeddable":true,"href":"http:\/\/norbertkuner.com\/index.php?rest_route=\/wp\/v2\/users\/1"}],"replies":[{"embeddable":true,"href":"http:\/\/norbertkuner.com\/index.php?rest_route=%2Fwp%2Fv2%2Fcomments&post=91"}],"version-history":[{"count":3,"href":"http:\/\/norbertkuner.com\/index.php?rest_route=\/wp\/v2\/pages\/91\/revisions"}],"predecessor-version":[{"id":174,"href":"http:\/\/norbertkuner.com\/index.php?rest_route=\/wp\/v2\/pages\/91\/revisions\/174"}],"wp:attachment":[{"href":"http:\/\/norbertkuner.com\/index.php?rest_route=%2Fwp%2Fv2%2Fmedia&parent=91"}],"curies":[{"name":"wp","href":"https:\/\/api.w.org\/{rel}","templated":true}]}}